{"id":459,"date":"2022-02-23T19:55:44","date_gmt":"2022-02-23T19:55:44","guid":{"rendered":"https:\/\/startertemplatecloud.com\/g50\/?page_id=8"},"modified":"2025-12-18T14:22:50","modified_gmt":"2025-12-18T13:22:50","slug":"contact","status":"publish","type":"page","link":"https:\/\/ceuxquichantentdebout.fr\/?page_id=459","title":{"rendered":"Nous Rencontrer"},"content":{"rendered":"<style>.kb-row-layout-id459_48d011-35 > .kt-row-column-wrap{align-content:center;}:where(.kb-row-layout-id459_48d011-35 > .kt-row-column-wrap) > .wp-block-kadence-column{justify-content:center;}.kb-row-layout-id459_48d011-35 > .kt-row-column-wrap{column-gap:var(--global-kb-gap-lg, 4rem);row-gap:var(--global-kb-gap-md, 2rem);max-width:var( --global-content-width, 1290px );padding-left:var(--global-content-edge-padding);padding-right:var(--global-content-edge-padding);grid-template-columns:repeat(2, minmax(0, 1fr));}.kb-row-layout-id459_48d011-35{--breakout-negative-margin-right:calc( ( ( ( var(--global-vw, 100vw) - ( var( --global-content-width, 1290px ) - ( var(--global-content-edge-padding)*2 ) ) ) \/ 2 ) *-1) + -1px);--breakout-negative-margin-left:calc( ( ( ( var(--global-vw, 100vw) - ( var( --global-content-width, 1290px ) - ( var(--global-content-edge-padding)*2 ) ) ) \/ 2 ) *-1) + -1px);}@media all and (min-width:1290px){.kb-row-layout-id459_48d011-35 > .kt-row-column-wrap > .wp-block-kadence-column:nth-child(2 of *:not(style)):not(.specificity){margin-inline-end:var(--breakout-negative-margin-right);}}.kb-row-layout-id459_48d011-35{background-image:radial-gradient(ellipse at left bottom,rgb(204,186,151) 59%,rgb(20,39,109) 100%);}.kb-row-layout-id459_48d011-35 > .kt-row-layout-overlay{opacity:0.30;}.kb-row-layout-id459_48d011-35 a{color:var(--global-palette9, #ffffff);}.kb-row-layout-id459_48d011-35 a:hover{color:var(--global-palette8, #F7FAFC);}@media all and (min-width: 1025px){.kb-row-layout-id459_48d011-35 > .kt-row-column-wrap > .wp-block-kadence-column:nth-child(2 of *:not(style)){margin-inline-end:calc( var(--global-content-edge-padding) *-1 );}}@media all and (max-width: 1024px){.kb-row-layout-id459_48d011-35 > .kt-row-column-wrap{padding-bottom:var(--global-kb-spacing-xl, 4rem);grid-template-columns:minmax(0, 1fr);}}@media all and (min-width: 768px) and (max-width: 1024px){.kb-row-layout-id459_48d011-35 > .kt-row-column-wrap:not(.kt-tab-layout-row) > .wp-block-kadence-column:nth-child(2 of *:not(style)){margin-inline-end:calc( var(--global-content-edge-padding) *-1 );}}@media all and (max-width: 767px){.kb-row-layout-id459_48d011-35 > .kt-row-column-wrap{grid-template-columns:minmax(0, 1fr);}}<\/style><div class=\"kb-row-layout-wrap kb-row-layout-id459_48d011-35 alignfull has-theme-palette4-background-color kt-row-has-bg wp-block-kadence-rowlayout\"><div class=\"kt-row-column-wrap kt-has-2-columns kt-row-layout-equal kt-tab-layout-row kt-mobile-layout-row kt-row-valign-middle kb-theme-content-width\">\n<style>.kadence-column459_95eb4f-b6 > .kt-inside-inner-col{display:flex;}.kadence-column459_95eb4f-b6 > .kt-inside-inner-col,.kadence-column459_95eb4f-b6 > .kt-inside-inner-col:before{border-top-left-radius:0px;border-top-right-radius:0px;border-bottom-right-radius:0px;border-bottom-left-radius:0px;}.kadence-column459_95eb4f-b6 > .kt-inside-inner-col{row-gap:0px;column-gap:var(--global-kb-gap-sm, 1rem);}.kadence-column459_95eb4f-b6 > .kt-inside-inner-col{flex-direction:column;align-items:stretch;}.kadence-column459_95eb4f-b6 > .kt-inside-inner-col > .kb-image-is-ratio-size{align-self:stretch;}.kadence-column459_95eb4f-b6 > .kt-inside-inner-col > .wp-block-kadence-advancedgallery{align-self:stretch;}.kadence-column459_95eb4f-b6 > .kt-inside-inner-col > .aligncenter{width:100%;}.kadence-column459_95eb4f-b6 > .kt-inside-inner-col:before{opacity:0.3;}.kadence-column459_95eb4f-b6{position:relative;}@media all and (max-width: 1024px){.kadence-column459_95eb4f-b6 > .kt-inside-inner-col{flex-direction:column;justify-content:center;align-items:stretch;}}@media all and (max-width: 767px){.kadence-column459_95eb4f-b6 > .kt-inside-inner-col{border-top:30px solid transparent;border-right:30px solid transparent;border-bottom:30px solid transparent;border-left:30px solid transparent;flex-direction:column;justify-content:center;align-items:stretch;}}<\/style>\n<div class=\"wp-block-kadence-column kadence-column459_95eb4f-b6\"><div class=\"kt-inside-inner-col\"><style>.wp-block-kadence-advancedheading.kt-adv-heading459_0c9b8c-c2, .wp-block-kadence-advancedheading.kt-adv-heading459_0c9b8c-c2[data-kb-block=\"kb-adv-heading459_0c9b8c-c2\"]{margin-bottom:var(--global-kb-spacing-xxs, 0.5rem);text-align:center;font-size:24px;line-height:1.2;font-style:normal;text-shadow:2px 3px 1px var(--global-palette2, #2B6CB0);}.wp-block-kadence-advancedheading.kt-adv-heading459_0c9b8c-c2 mark.kt-highlight, .wp-block-kadence-advancedheading.kt-adv-heading459_0c9b8c-c2[data-kb-block=\"kb-adv-heading459_0c9b8c-c2\"] mark.kt-highlight{font-style:normal;color:#f76a0c;-webkit-box-decoration-break:clone;box-decoration-break:clone;padding-top:0px;padding-right:0px;padding-bottom:0px;padding-left:0px;}.wp-block-kadence-advancedheading.kt-adv-heading459_0c9b8c-c2 img.kb-inline-image, .wp-block-kadence-advancedheading.kt-adv-heading459_0c9b8c-c2[data-kb-block=\"kb-adv-heading459_0c9b8c-c2\"] img.kb-inline-image{width:150px;vertical-align:baseline;}@media all and (max-width: 1024px){.wp-block-kadence-advancedheading.kt-adv-heading459_0c9b8c-c2, .wp-block-kadence-advancedheading.kt-adv-heading459_0c9b8c-c2[data-kb-block=\"kb-adv-heading459_0c9b8c-c2\"]{text-shadow:2px 3px 1px var(--global-palette2, #2B6CB0);}}@media all and (max-width: 767px){.wp-block-kadence-advancedheading.kt-adv-heading459_0c9b8c-c2, .wp-block-kadence-advancedheading.kt-adv-heading459_0c9b8c-c2[data-kb-block=\"kb-adv-heading459_0c9b8c-c2\"]{text-shadow:2px 3px 1px var(--global-palette2, #2B6CB0);}}<\/style>\n<h2 class=\"kt-adv-heading459_0c9b8c-c2 wp-block-kadence-advancedheading has-theme-palette-3-color has-text-color\" data-kb-block=\"kb-adv-heading459_0c9b8c-c2\"><br>Nos r\u00e9p\u00e9titions se d\u00e9roulent le mercredi soir <br>de 20h00 jusqu&#8217;\u00e0 22h00. <br><br>Salle Lacaze<br>24 rue du Mesnil<br>Maisons-Laffitte<\/h2>\n\n\n\n<p><\/p>\n\n\n\n<div class=\"wp-block-columns is-layout-flex wp-container-core-columns-is-layout-9d6595d7 wp-block-columns-is-layout-flex\">\n<div class=\"wp-block-column is-layout-flow wp-block-column-is-layout-flow\"><div class=\"wp-block-image wp-duotone-unset-1\">\n<figure class=\"aligncenter size-full\"><img loading=\"lazy\" decoding=\"async\" width=\"277\" height=\"235\" src=\"https:\/\/ceuxquichantentdebout.fr\/wp-content\/uploads\/2025\/10\/LACAZE.png\" alt=\"\" class=\"wp-image-806\"\/><\/figure><\/div><\/div>\n\n\n\n<div class=\"wp-block-column is-layout-flow wp-block-column-is-layout-flow\"><div class=\"wp-block-image\">\n<figure class=\"aligncenter size-full\"><img loading=\"lazy\" decoding=\"async\" width=\"640\" height=\"480\" src=\"https:\/\/ceuxquichantentdebout.fr\/wp-content\/uploads\/2025\/10\/repetition.jpg\" alt=\"\" class=\"wp-image-920\" srcset=\"https:\/\/ceuxquichantentdebout.fr\/wp-content\/uploads\/2025\/10\/repetition.jpg 640w, https:\/\/ceuxquichantentdebout.fr\/wp-content\/uploads\/2025\/10\/repetition-300x225.jpg 300w\" sizes=\"auto, (max-width: 640px) 100vw, 640px\" \/><\/figure><\/div><\/div>\n<\/div>\n<\/div><\/div>\n\n\n<style>.kadence-column459_cd30c9-ea > .kt-inside-inner-col,.kadence-column459_cd30c9-ea > .kt-inside-inner-col:before{border-top-left-radius:0px;border-top-right-radius:0px;border-bottom-right-radius:0px;border-bottom-left-radius:0px;}.kadence-column459_cd30c9-ea > .kt-inside-inner-col{column-gap:var(--global-kb-gap-sm, 1rem);}.kadence-column459_cd30c9-ea > .kt-inside-inner-col{flex-direction:column;}.kadence-column459_cd30c9-ea > .kt-inside-inner-col > .aligncenter{width:100%;}.kadence-column459_cd30c9-ea > .kt-inside-inner-col{background-image:linear-gradient(35deg,rgb(204,186,151) 54%,rgb(20,39,109) 100%);}.kadence-column459_cd30c9-ea > .kt-inside-inner-col:before{opacity:0.3;}.kadence-column459_cd30c9-ea{position:relative;}@media all and (max-width: 1024px){.kadence-column459_cd30c9-ea > .kt-inside-inner-col{flex-direction:column;justify-content:center;}}@media all and (max-width: 767px){.kadence-column459_cd30c9-ea > .kt-inside-inner-col{flex-direction:column;justify-content:center;}}<\/style>\n<div class=\"wp-block-kadence-column kadence-column459_cd30c9-ea\"><div class=\"kt-inside-inner-col\"><style>.kb-google-maps-container459_d566e2-b4{height:584px;}<\/style><div class=\"kb-google-maps-container kb-google-maps-container459_d566e2-b4  wp-block-kadence-googlemaps\" data-mapid=\"459_d566e2b4\"><iframe width=\"100%\" height=\"100%\"\n\t\t\t\t\t\t\tstyle=\"border:0\" loading=\"lazy\"\n\t\t\t\t\t\t\tsrc=\"https:\/\/www.google.com\/maps\/embed\/v1\/place?key=AIzaSyBAM2o7PiQqwk15LC1XRH2e_KJ-jUa7KYk&#038;zoom=14&#038;maptype=roadmap&#038;q=24+rue+du+Mesnil%2C+78600\"\n\t\t\t\t\t\t\ttitle=\"Google map of 24 rue du Mesnil, 78600\"><\/iframe><\/div><script>function kb_google_map459_d566e2b4() { let center = { lat: 37.8201, lng: -122.4781}; let map = new google.maps.Map(document.getElementById(\"kb-google-map459_d566e2b4\"), {\n\t\t\t\t\t    zoom: 14,\n\t\t\t\t\t    center: center,});let marker = new google.maps.Marker({   position: { lat: 37.8201, lng: -122.4781},    map: map,  });}<\/script><\/div><\/div>\n\n<\/div><\/div>\n\n<style>.kb-row-layout-id459_c68d8b-5e > .kt-row-column-wrap{align-content:start;}:where(.kb-row-layout-id459_c68d8b-5e > .kt-row-column-wrap) > .wp-block-kadence-column{justify-content:start;}.kb-row-layout-id459_c68d8b-5e > .kt-row-column-wrap{column-gap:var(--global-kb-gap-none, 0rem );row-gap:var(--global-kb-gap-none, 0rem );max-width:600px;margin-left:auto;margin-right:auto;padding-top:var(--global-kb-spacing-xs, 1rem);padding-bottom:var(--global-kb-spacing-md, 2rem);grid-template-columns:minmax(0, 1fr);}.kb-row-layout-id459_c68d8b-5e > .kt-row-layout-overlay{opacity:0.73;background-image:url('http:\/\/ceuxquichantentdebout.fr\/wp-content\/uploads\/2023\/11\/Partition-4.jpg');background-size:cover;background-position:48% 26%;background-attachment:scroll;background-repeat:no-repeat;mix-blend-mode:normal;}@media all and (max-width: 1024px){.kb-row-layout-id459_c68d8b-5e > .kt-row-column-wrap{row-gap:var(--global-kb-gap-sm, 1rem);grid-template-columns:minmax(0, 1fr);}}@media all and (max-width: 767px){.kb-row-layout-id459_c68d8b-5e > .kt-row-column-wrap{row-gap:var(--global-kb-gap-sm, 1rem);grid-template-columns:minmax(0, 1fr);}}<\/style><div class=\"kb-row-layout-wrap kb-row-layout-id459_c68d8b-5e alignfull has-theme-palette9-background-color kt-row-has-bg wp-block-kadence-rowlayout\"><div class=\"kt-row-layout-overlay kt-row-overlay-normal\"><\/div><div class=\"kt-row-column-wrap kt-has-2-columns kt-row-layout-row kt-tab-layout-row kt-mobile-layout-row kt-row-valign-top\">\n<style>.kadence-column459_b872b4-de > .kt-inside-inner-col,.kadence-column459_b872b4-de > .kt-inside-inner-col:before{border-top-left-radius:0px;border-top-right-radius:0px;border-bottom-right-radius:0px;border-bottom-left-radius:0px;}.kadence-column459_b872b4-de > .kt-inside-inner-col{column-gap:var(--global-kb-gap-sm, 1rem);}.kadence-column459_b872b4-de > .kt-inside-inner-col{flex-direction:column;}.kadence-column459_b872b4-de > .kt-inside-inner-col > .aligncenter{width:100%;}.kadence-column459_b872b4-de > .kt-inside-inner-col:before{opacity:0.3;}.kadence-column459_b872b4-de{position:relative;}@media all and (max-width: 1024px){.kadence-column459_b872b4-de > .kt-inside-inner-col{flex-direction:column;justify-content:center;}}@media all and (max-width: 767px){.kadence-column459_b872b4-de > .kt-inside-inner-col{flex-direction:column;justify-content:center;}}<\/style>\n<div class=\"wp-block-kadence-column kadence-column459_b872b4-de inner-column-1\"><div class=\"kt-inside-inner-col\"><style>.wp-block-kadence-advancedheading.kt-adv-heading459_e465c7-4e, .wp-block-kadence-advancedheading.kt-adv-heading459_e465c7-4e[data-kb-block=\"kb-adv-heading459_e465c7-4e\"]{padding-bottom:var(--global-kb-spacing-sm, 1.5rem);margin-bottom:0px;font-size:var(--global-kb-font-size-lg, 2rem);line-height:1.2;font-style:normal;}.wp-block-kadence-advancedheading.kt-adv-heading459_e465c7-4e mark.kt-highlight, .wp-block-kadence-advancedheading.kt-adv-heading459_e465c7-4e[data-kb-block=\"kb-adv-heading459_e465c7-4e\"] mark.kt-highlight{font-style:normal;color:#f76a0c;-webkit-box-decoration-break:clone;box-decoration-break:clone;padding-top:0px;padding-right:0px;padding-bottom:0px;padding-left:0px;}.wp-block-kadence-advancedheading.kt-adv-heading459_e465c7-4e img.kb-inline-image, .wp-block-kadence-advancedheading.kt-adv-heading459_e465c7-4e[data-kb-block=\"kb-adv-heading459_e465c7-4e\"] img.kb-inline-image{width:150px;vertical-align:baseline;}<\/style>\n<h2 class=\"kt-adv-heading459_e465c7-4e wp-block-kadence-advancedheading has-theme-palette-3-color has-text-color\" data-kb-block=\"kb-adv-heading459_e465c7-4e\"> Contactez-nous&#8230; ou venez nous voir.<\/h2>\n<\/div><\/div>\n\n\n<style>.kadence-column459_b87161-91 > .kt-inside-inner-col,.kadence-column459_b87161-91 > .kt-inside-inner-col:before{border-top-left-radius:0px;border-top-right-radius:0px;border-bottom-right-radius:0px;border-bottom-left-radius:0px;}.kadence-column459_b87161-91 > .kt-inside-inner-col{column-gap:var(--global-kb-gap-sm, 1rem);}.kadence-column459_b87161-91 > .kt-inside-inner-col{flex-direction:column;}.kadence-column459_b87161-91 > .kt-inside-inner-col > .aligncenter{width:100%;}.kadence-column459_b87161-91 > .kt-inside-inner-col:before{opacity:0.3;}.kadence-column459_b87161-91{position:relative;}@media all and (max-width: 1024px){.kadence-column459_b87161-91 > .kt-inside-inner-col{flex-direction:column;justify-content:center;}}@media all and (max-width: 767px){.kadence-column459_b87161-91 > .kt-inside-inner-col{flex-direction:column;justify-content:center;}}<\/style>\n<div class=\"wp-block-kadence-column kadence-column459_b87161-91 inner-column-2\"><div class=\"kt-inside-inner-col\"><style>.kadence-form-459_cd1690-05 .kb-form .kadence-blocks-form-field{margin-bottom:14px;}.kadence-form-459_cd1690-05 .kb-form .kadence-blocks-form-field{padding-right:2px;padding-left:2px;}.kadence-form-459_cd1690-05 .kb-form{margin-right:-2px;margin-left:-2px;}.kadence-form-459_cd1690-05 .kb-form .kadence-blocks-form-field .kb-text-style-field, .kadence-form-459_cd1690-05 .kb-form .kadence-blocks-form-field .kb-select-style-field{color:var(--global-palette4, #2D3748);border-radius:1px;background:#ebeede;border-color:var(--global-palette6, #718096);}.kadence-form-459_cd1690-05 .kb-form .kadence-blocks-form-field > label{color:var(--global-palette3, #1A202C);}.kb-form input.kadence-blocks-field.verify{opacity:0.0;position:absolute;top:0.0;left:0.0;width:0.0;height:0.0;z-index:-1;}<\/style>\n<div class=\"wp-block-kadence-form kadence-form-459_cd1690-05 kb-form-wrap\"><form class=\"kb-form\" action=\"\" method=\"post\"><div class=\"kadence-blocks-form-field kb-field-desk-width-100 kb-input-size-standard\"><label for=\"kb_field_459_cd1690-05_0\">Nom et pr\u00e9nom<span class=\"required\">*<\/span><\/label><input name=\"kb_field_0\" id=\"kb_field_459_cd1690-05_0\" data-label=\"Nom et pr\u00e9nom\" type=\"text\" placeholder=\"\" value=\"\" data-type=\"text\" class=\"kb-field kb-text-style-field kb-text-field kb-field-0\" data-required=\"yes\"\/><\/div><div class=\"kadence-blocks-form-field kb-form-field-1 kb-field-desk-width-100 kb-input-size-standard\"><label for=\"kb_field_459_cd1690-05_1\">Email<span class=\"required\">*<\/span><\/label><input name=\"kb_field_1\" id=\"kb_field_459_cd1690-05_1\" data-label=\"Email\" type=\"email\" placeholder=\"\" value=\"\" data-type=\"email\" class=\"kb-field kb-text-style-field kb-email-field kb-field-1\" data-required=\"yes\"\/><\/div><div class=\"kadence-blocks-form-field kb-form-field-2 kb-field-desk-width-100 kb-input-size-standard\"><label for=\"kb_field_459_cd1690-05_2\">Message<span class=\"required\">*<\/span><\/label><textarea name=\"kb_field_2\" id=\"kb_field_459_cd1690-05_2\" data-label=\"Message\" type=\"textarea\" placeholder=\"\" data-type=\"textarea\" class=\"kb-field kb-text-style-field kb-textarea-field kb-field-2\" rows=\"4\" data-required=\"yes\"><\/textarea><\/div><input type=\"hidden\" name=\"_kb_form_id\" value=\"459_cd1690-05\"\/><input type=\"hidden\" name=\"_kb_form_post_id\" value=\"459\"\/><input type=\"hidden\" name=\"action\" value=\"kb_process_ajax_submit\"\/><input type=\"hidden\" name=\"recaptcha_response\" class=\"kb_recaptcha_response kb_recaptcha_459_cd1690-05\"\/><label class=\"kadence-verify-label\">Email<input class=\"kadence-blocks-field verify\" type=\"text\" name=\"_kb_verify_email\" autocomplete=\"new-password\" aria-hidden=\"true\" placeholder=\"Email\" tabindex=\"-1\" data-1p-ignore=\"true\" data-lpignore=\"true\" \/><\/label><div class=\"kadence-blocks-form-field kb-submit-field kb-field-desk-width-100\"><button class=\"kb-forms-submit button kb-button-size-standard kb-button-width-auto\">Envoyer le Message<\/button><\/div><\/form><\/div>\n<noscript><div class=\"kadence-blocks-form-message kadence-blocks-form-warning\">Please enable JavaScript in your browser to submit the form<\/div><style>.kadence-form-459_cd1690-05 .kadence-blocks-form-field.kb-submit-field { display: none; }<\/style><\/noscript><\/div><\/div>\n\n<\/div><\/div>","protected":false},"excerpt":{"rendered":"<p>Nos r\u00e9p\u00e9titions se d\u00e9roulent le mercredi soir de 20h00 jusqu&#8217;\u00e0 22h00. Salle Lacaze24 rue du MesnilMaisons-Laffitte Contactez-nous&#8230; ou venez nous voir.<\/p>\n","protected":false},"author":1,"featured_media":0,"parent":0,"menu_order":1,"comment_status":"closed","ping_status":"closed","template":"","meta":{"_kadence_starter_templates_imported_post":true,"_kad_post_transparent":"","_kad_post_title":"","_kad_post_layout":"","_kad_post_sidebar_id":"","_kad_post_content_style":"","_kad_post_vertical_padding":"","_kad_post_feature":"","_kad_post_feature_position":"","_kad_post_header":false,"_kad_post_footer":false,"footnotes":""},"class_list":["post-459","page","type-page","status-publish","hentry"],"_links":{"self":[{"href":"https:\/\/ceuxquichantentdebout.fr\/index.php?rest_route=\/wp\/v2\/pages\/459","targetHints":{"allow":["GET"]}}],"collection":[{"href":"https:\/\/ceuxquichantentdebout.fr\/index.php?rest_route=\/wp\/v2\/pages"}],"about":[{"href":"https:\/\/ceuxquichantentdebout.fr\/index.php?rest_route=\/wp\/v2\/types\/page"}],"author":[{"embeddable":true,"href":"https:\/\/ceuxquichantentdebout.fr\/index.php?rest_route=\/wp\/v2\/users\/1"}],"replies":[{"embeddable":true,"href":"https:\/\/ceuxquichantentdebout.fr\/index.php?rest_route=%2Fwp%2Fv2%2Fcomments&post=459"}],"version-history":[{"count":45,"href":"https:\/\/ceuxquichantentdebout.fr\/index.php?rest_route=\/wp\/v2\/pages\/459\/revisions"}],"predecessor-version":[{"id":993,"href":"https:\/\/ceuxquichantentdebout.fr\/index.php?rest_route=\/wp\/v2\/pages\/459\/revisions\/993"}],"wp:attachment":[{"href":"https:\/\/ceuxquichantentdebout.fr\/index.php?rest_route=%2Fwp%2Fv2%2Fmedia&parent=459"}],"curies":[{"name":"wp","href":"https:\/\/api.w.org\/{rel}","templated":true}]}}