{"id":738,"date":"2025-10-08T13:14:27","date_gmt":"2025-10-08T11:14:27","guid":{"rendered":"https:\/\/ceuxquichantentdebout.fr\/?page_id=738"},"modified":"2026-05-11T12:52:38","modified_gmt":"2026-05-11T10:52:38","slug":"actualites","status":"publish","type":"page","link":"https:\/\/ceuxquichantentdebout.fr\/?page_id=738","title":{"rendered":"Actualit\u00e9s"},"content":{"rendered":"\n<div class=\"wp-block-columns is-layout-flex wp-container-core-columns-is-layout-9d6595d7 wp-block-columns-is-layout-flex\">\n<div class=\"wp-block-column is-layout-flow wp-block-column-is-layout-flow\"><style>.kb-row-layout-id738_25e6d8-24 > .kt-row-column-wrap{align-content:start;}:where(.kb-row-layout-id738_25e6d8-24 > .kt-row-column-wrap) > .wp-block-kadence-column{justify-content:start;}.kb-row-layout-id738_25e6d8-24 > .kt-row-column-wrap{column-gap:var(--global-kb-gap-md, 2rem);row-gap:var(--global-kb-gap-md, 2rem);padding-bottom:var(--global-kb-spacing-sm, 1.5rem);grid-template-columns:minmax(0, 1fr);}.kb-row-layout-id738_25e6d8-24 > .kt-row-layout-overlay{opacity:0.30;}@media all and (max-width: 1024px){.kb-row-layout-id738_25e6d8-24 > .kt-row-column-wrap{grid-template-columns:minmax(0, 1fr);}}@media all and (max-width: 767px){.kb-row-layout-id738_25e6d8-24 > .kt-row-column-wrap{grid-template-columns:minmax(0, 1fr);}}<\/style><div class=\"kb-row-layout-wrap kb-row-layout-id738_25e6d8-24 alignnone wp-block-kadence-rowlayout\"><div class=\"kt-row-column-wrap kt-has-1-columns kt-row-layout-equal kt-tab-layout-inherit kt-mobile-layout-row kt-row-valign-top\">\n<style>.kadence-column738_ed31a2-d5 > .kt-inside-inner-col,.kadence-column738_ed31a2-d5 > .kt-inside-inner-col:before{border-top-left-radius:0px;border-top-right-radius:0px;border-bottom-right-radius:0px;border-bottom-left-radius:0px;}.kadence-column738_ed31a2-d5 > .kt-inside-inner-col{column-gap:var(--global-kb-gap-sm, 1rem);}.kadence-column738_ed31a2-d5 > .kt-inside-inner-col{flex-direction:column;}.kadence-column738_ed31a2-d5 > .kt-inside-inner-col > .aligncenter{width:100%;}.kadence-column738_ed31a2-d5 > .kt-inside-inner-col{background-image:linear-gradient(35deg,rgb(204,186,151) 69%,rgb(20,39,109) 100%);}.kadence-column738_ed31a2-d5 > .kt-inside-inner-col:before{opacity:0.3;}.kadence-column738_ed31a2-d5{position:relative;}@media all and (max-width: 1024px){.kadence-column738_ed31a2-d5 > .kt-inside-inner-col{flex-direction:column;justify-content:center;}}@media all and (max-width: 767px){.kadence-column738_ed31a2-d5 > .kt-inside-inner-col{flex-direction:column;justify-content:center;}}<\/style>\n<div class=\"wp-block-kadence-column kadence-column738_ed31a2-d5\"><div class=\"kt-inside-inner-col\">\n<div class=\"wp-block-columns alignwide are-vertically-aligned-center is-layout-flex wp-container-core-columns-is-layout-9d6595d7 wp-block-columns-is-layout-flex\">\n<div class=\"wp-block-column is-vertically-aligned-center is-layout-flow wp-block-column-is-layout-flow\" style=\"flex-basis:100%\"><style>.wp-block-kadence-advancedheading.kt-adv-heading738_e34cbe-30, .wp-block-kadence-advancedheading.kt-adv-heading738_e34cbe-30[data-kb-block=\"kb-adv-heading738_e34cbe-30\"]{font-style:normal;}.wp-block-kadence-advancedheading.kt-adv-heading738_e34cbe-30 mark.kt-highlight, .wp-block-kadence-advancedheading.kt-adv-heading738_e34cbe-30[data-kb-block=\"kb-adv-heading738_e34cbe-30\"] mark.kt-highlight{font-style:normal;color:#f76a0c;-webkit-box-decoration-break:clone;box-decoration-break:clone;padding-top:0px;padding-right:0px;padding-bottom:0px;padding-left:0px;}.wp-block-kadence-advancedheading.kt-adv-heading738_e34cbe-30 img.kb-inline-image, .wp-block-kadence-advancedheading.kt-adv-heading738_e34cbe-30[data-kb-block=\"kb-adv-heading738_e34cbe-30\"] img.kb-inline-image{width:150px;vertical-align:baseline;}<\/style>\n<p class=\"kt-adv-heading738_e34cbe-30 wp-block-kadence-advancedheading\" data-kb-block=\"kb-adv-heading738_e34cbe-30\"><\/p>\n\n\n<style>.kb-row-layout-id738_6efd31-3b > .kt-row-column-wrap{align-content:start;}:where(.kb-row-layout-id738_6efd31-3b > .kt-row-column-wrap) > .wp-block-kadence-column{justify-content:start;}.kb-row-layout-id738_6efd31-3b > .kt-row-column-wrap{column-gap:var(--global-kb-gap-md, 2rem);row-gap:var(--global-kb-gap-md, 2rem);padding-bottom:var(--global-kb-spacing-sm, 1.5rem);grid-template-columns:minmax(0, 1fr);}.kb-row-layout-id738_6efd31-3b > .kt-row-layout-overlay{opacity:0.30;}@media all and (max-width: 1024px){.kb-row-layout-id738_6efd31-3b > .kt-row-column-wrap{grid-template-columns:minmax(0, 1fr);}}@media all and (max-width: 767px){.kb-row-layout-id738_6efd31-3b > .kt-row-column-wrap{grid-template-columns:minmax(0, 1fr);}}<\/style><div class=\"kb-row-layout-wrap kb-row-layout-id738_6efd31-3b alignnone wp-block-kadence-rowlayout\"><div class=\"kt-row-column-wrap kt-has-1-columns kt-row-layout-equal kt-tab-layout-inherit kt-mobile-layout-row kt-row-valign-top\">\n<style>.kadence-column738_182cbb-9f > .kt-inside-inner-col,.kadence-column738_182cbb-9f > .kt-inside-inner-col:before{border-top-left-radius:0px;border-top-right-radius:0px;border-bottom-right-radius:0px;border-bottom-left-radius:0px;}.kadence-column738_182cbb-9f > .kt-inside-inner-col{column-gap:var(--global-kb-gap-sm, 1rem);}.kadence-column738_182cbb-9f > .kt-inside-inner-col{flex-direction:column;}.kadence-column738_182cbb-9f > .kt-inside-inner-col > .aligncenter{width:100%;}.kadence-column738_182cbb-9f > .kt-inside-inner-col:before{opacity:0.3;}.kadence-column738_182cbb-9f{position:relative;}@media all and (max-width: 1024px){.kadence-column738_182cbb-9f > .kt-inside-inner-col{flex-direction:column;justify-content:center;}}@media all and (max-width: 767px){.kadence-column738_182cbb-9f > .kt-inside-inner-col{flex-direction:column;justify-content:center;}}<\/style>\n<div class=\"wp-block-kadence-column kadence-column738_182cbb-9f\"><div class=\"kt-inside-inner-col\"><style>.kb-row-layout-id738_3e6efb-7c > .kt-row-column-wrap{align-content:start;}:where(.kb-row-layout-id738_3e6efb-7c > .kt-row-column-wrap) > .wp-block-kadence-column{justify-content:start;}.kb-row-layout-id738_3e6efb-7c > .kt-row-column-wrap{column-gap:var(--global-kb-gap-md, 2rem);row-gap:var(--global-kb-gap-md, 2rem);grid-template-columns:minmax(0, 1fr);}.kb-row-layout-id738_3e6efb-7c > .kt-row-layout-overlay{opacity:0.30;}@media all and (max-width: 1024px){.kb-row-layout-id738_3e6efb-7c > .kt-row-column-wrap{grid-template-columns:minmax(0, 1fr);}}@media all and (max-width: 767px){.kb-row-layout-id738_3e6efb-7c > .kt-row-column-wrap{grid-template-columns:minmax(0, 1fr);}}<\/style><div class=\"kb-row-layout-wrap kb-row-layout-id738_3e6efb-7c alignnone wp-block-kadence-rowlayout\"><div class=\"kt-row-column-wrap kt-has-1-columns kt-row-layout-equal kt-tab-layout-inherit kt-mobile-layout-row kt-row-valign-top\">\n<style>.kadence-column738_b6937f-45 > .kt-inside-inner-col,.kadence-column738_b6937f-45 > .kt-inside-inner-col:before{border-top-left-radius:0px;border-top-right-radius:0px;border-bottom-right-radius:0px;border-bottom-left-radius:0px;}.kadence-column738_b6937f-45 > .kt-inside-inner-col{column-gap:var(--global-kb-gap-sm, 1rem);}.kadence-column738_b6937f-45 > .kt-inside-inner-col{flex-direction:column;}.kadence-column738_b6937f-45 > .kt-inside-inner-col > .aligncenter{width:100%;}.kadence-column738_b6937f-45 > .kt-inside-inner-col:before{opacity:0.3;}.kadence-column738_b6937f-45{position:relative;}@media all and (max-width: 1024px){.kadence-column738_b6937f-45 > .kt-inside-inner-col{flex-direction:column;justify-content:center;}}@media all and (max-width: 767px){.kadence-column738_b6937f-45 > .kt-inside-inner-col{flex-direction:column;justify-content:center;}}<\/style>\n<div class=\"wp-block-kadence-column kadence-column738_b6937f-45\"><div class=\"kt-inside-inner-col\"><style>.kb-row-layout-id738_bad1d8-20 > .kt-row-column-wrap{align-content:start;}:where(.kb-row-layout-id738_bad1d8-20 > .kt-row-column-wrap) > .wp-block-kadence-column{justify-content:start;}.kb-row-layout-id738_bad1d8-20 > .kt-row-column-wrap{column-gap:var(--global-kb-gap-md, 2rem);row-gap:var(--global-kb-gap-md, 2rem);grid-template-columns:minmax(0, 1fr);}.kb-row-layout-id738_bad1d8-20 > .kt-row-layout-overlay{opacity:0.30;}@media all and (max-width: 1024px){.kb-row-layout-id738_bad1d8-20 > .kt-row-column-wrap{grid-template-columns:minmax(0, 1fr);}}@media all and (max-width: 767px){.kb-row-layout-id738_bad1d8-20 > .kt-row-column-wrap{grid-template-columns:minmax(0, 1fr);}}<\/style><div class=\"kb-row-layout-wrap kb-row-layout-id738_bad1d8-20 alignnone wp-block-kadence-rowlayout\"><div class=\"kt-row-column-wrap kt-has-1-columns kt-row-layout-equal kt-tab-layout-inherit kt-mobile-layout-row kt-row-valign-top\">\n<style>.kadence-column738_703bab-6c > .kt-inside-inner-col,.kadence-column738_703bab-6c > .kt-inside-inner-col:before{border-top-left-radius:0px;border-top-right-radius:0px;border-bottom-right-radius:0px;border-bottom-left-radius:0px;}.kadence-column738_703bab-6c > .kt-inside-inner-col{column-gap:var(--global-kb-gap-sm, 1rem);}.kadence-column738_703bab-6c > .kt-inside-inner-col{flex-direction:column;}.kadence-column738_703bab-6c > .kt-inside-inner-col > .aligncenter{width:100%;}.kadence-column738_703bab-6c > .kt-inside-inner-col:before{opacity:0.3;}.kadence-column738_703bab-6c{position:relative;}@media all and (max-width: 1024px){.kadence-column738_703bab-6c > .kt-inside-inner-col{flex-direction:column;justify-content:center;}}@media all and (max-width: 767px){.kadence-column738_703bab-6c > .kt-inside-inner-col{flex-direction:column;justify-content:center;}}<\/style>\n<div class=\"wp-block-kadence-column kadence-column738_703bab-6c\"><div class=\"kt-inside-inner-col\"><div class=\"wp-block-image\">\n<figure class=\"aligncenter size-full is-resized\"><img loading=\"lazy\" decoding=\"async\" width=\"248\" height=\"142\" src=\"http:\/\/ceuxquichantentdebout.fr\/wp-content\/uploads\/2026\/05\/l-eglise.jpg\" alt=\"\" class=\"wp-image-1019\" style=\"width:579px;height:auto\"\/><\/figure><\/div><\/div><\/div>\n\n<\/div><\/div>\n\n\n<h5 class=\"wp-block-heading has-text-align-center has-theme-palette-5-color has-text-color has-link-color has-medium-font-size wp-elements-2d95789cb18c355642d933cd3cf135ff\">ANCIENNE EGLISE<br>23 rue de la Vieille \u00e9glise<br>Maisons-Laffitte <br>SAMEDI 4 JUILLET &#8211; 20h30<br><em>Concert au chapeau<\/em><\/h5>\n\n\n<style>.kb-row-layout-id738_60fc45-5d > .kt-row-column-wrap{align-content:start;}:where(.kb-row-layout-id738_60fc45-5d > .kt-row-column-wrap) > .wp-block-kadence-column{justify-content:start;}.kb-row-layout-id738_60fc45-5d > .kt-row-column-wrap{column-gap:var(--global-kb-gap-md, 2rem);row-gap:var(--global-kb-gap-md, 2rem);grid-template-columns:minmax(0, 1fr);}.kb-row-layout-id738_60fc45-5d > .kt-row-layout-overlay{opacity:0.30;}@media all and (max-width: 1024px){.kb-row-layout-id738_60fc45-5d > .kt-row-column-wrap{grid-template-columns:minmax(0, 1fr);}}@media all and (max-width: 767px){.kb-row-layout-id738_60fc45-5d > .kt-row-column-wrap{grid-template-columns:minmax(0, 1fr);}}<\/style><div class=\"kb-row-layout-wrap kb-row-layout-id738_60fc45-5d alignnone wp-block-kadence-rowlayout\"><div class=\"kt-row-column-wrap kt-has-1-columns kt-row-layout-equal kt-tab-layout-inherit kt-mobile-layout-row kt-row-valign-top\">\n<style>.kadence-column738_4aa99d-34 > .kt-inside-inner-col,.kadence-column738_4aa99d-34 > .kt-inside-inner-col:before{border-top-left-radius:0px;border-top-right-radius:0px;border-bottom-right-radius:0px;border-bottom-left-radius:0px;}.kadence-column738_4aa99d-34 > .kt-inside-inner-col{column-gap:var(--global-kb-gap-sm, 1rem);}.kadence-column738_4aa99d-34 > .kt-inside-inner-col{flex-direction:column;}.kadence-column738_4aa99d-34 > .kt-inside-inner-col > .aligncenter{width:100%;}.kadence-column738_4aa99d-34 > .kt-inside-inner-col:before{opacity:0.3;}.kadence-column738_4aa99d-34{position:relative;}@media all and (max-width: 1024px){.kadence-column738_4aa99d-34 > .kt-inside-inner-col{flex-direction:column;justify-content:center;}}@media all and (max-width: 767px){.kadence-column738_4aa99d-34 > .kt-inside-inner-col{flex-direction:column;justify-content:center;}}<\/style>\n<div class=\"wp-block-kadence-column kadence-column738_4aa99d-34\"><div class=\"kt-inside-inner-col\">\n<h2 class=\"wp-block-heading has-text-align-center has-theme-palette-5-color has-text-color has-link-color has-medium-font-size wp-elements-b4b587aa7d4ca9fd557b67ade530bd38\">_____________________________<br>Berges du Canal St Martin 75010<br>DIMANCHE 28 JUIN 2026 &#8211; Apr\u00e8s-midi<br>M\u00e9tro : Colonel Fabien \/ Gare de l&#8217;Est<\/h2>\n<\/div><\/div>\n\n\n<style>.kadence-column738_1229fe-de > .kt-inside-inner-col,.kadence-column738_1229fe-de > .kt-inside-inner-col:before{border-top-left-radius:0px;border-top-right-radius:0px;border-bottom-right-radius:0px;border-bottom-left-radius:0px;}.kadence-column738_1229fe-de > .kt-inside-inner-col{column-gap:var(--global-kb-gap-sm, 1rem);}.kadence-column738_1229fe-de > .kt-inside-inner-col{flex-direction:column;}.kadence-column738_1229fe-de > .kt-inside-inner-col > .aligncenter{width:100%;}.kadence-column738_1229fe-de > .kt-inside-inner-col:before{opacity:0.3;}.kadence-column738_1229fe-de{position:relative;}@media all and (max-width: 1024px){.kadence-column738_1229fe-de > .kt-inside-inner-col{flex-direction:column;justify-content:center;}}@media all and (max-width: 767px){.kadence-column738_1229fe-de > .kt-inside-inner-col{flex-direction:column;justify-content:center;}}<\/style>\n<div class=\"wp-block-kadence-column kadence-column738_1229fe-de\"><div class=\"kt-inside-inner-col\"><div class=\"wp-block-image\">\n<figure class=\"aligncenter size-full is-resized\"><img loading=\"lazy\" decoding=\"async\" width=\"378\" height=\"118\" src=\"http:\/\/ceuxquichantentdebout.fr\/wp-content\/uploads\/2026\/05\/voix-sur-berge-1.jpg\" alt=\"\" class=\"wp-image-1015\" style=\"width:702px;height:auto\" srcset=\"https:\/\/ceuxquichantentdebout.fr\/wp-content\/uploads\/2026\/05\/voix-sur-berge-1.jpg 378w, https:\/\/ceuxquichantentdebout.fr\/wp-content\/uploads\/2026\/05\/voix-sur-berge-1-300x94.jpg 300w\" sizes=\"auto, (max-width: 378px) 100vw, 378px\" \/><\/figure><\/div><\/div><\/div>\n\n<\/div><\/div>\n\n<style>.kb-row-layout-id738_fd9907-14 > .kt-row-column-wrap{align-content:start;}:where(.kb-row-layout-id738_fd9907-14 > .kt-row-column-wrap) > .wp-block-kadence-column{justify-content:start;}.kb-row-layout-id738_fd9907-14 > .kt-row-column-wrap{column-gap:var(--global-kb-gap-md, 2rem);row-gap:var(--global-kb-gap-md, 2rem);grid-template-columns:minmax(0, 1fr);}.kb-row-layout-id738_fd9907-14 > .kt-row-layout-overlay{opacity:0.30;}@media all and (max-width: 1024px){.kb-row-layout-id738_fd9907-14 > .kt-row-column-wrap{grid-template-columns:minmax(0, 1fr);}}@media all and (max-width: 767px){.kb-row-layout-id738_fd9907-14 > .kt-row-column-wrap{grid-template-columns:minmax(0, 1fr);}}<\/style><div class=\"kb-row-layout-wrap kb-row-layout-id738_fd9907-14 alignnone wp-block-kadence-rowlayout\"><div class=\"kt-row-column-wrap kt-has-1-columns kt-row-layout-equal kt-tab-layout-inherit kt-mobile-layout-row kt-row-valign-top\">\n<style>.kadence-column738_602ad9-3e > .kt-inside-inner-col,.kadence-column738_602ad9-3e > .kt-inside-inner-col:before{border-top-left-radius:0px;border-top-right-radius:0px;border-bottom-right-radius:0px;border-bottom-left-radius:0px;}.kadence-column738_602ad9-3e > .kt-inside-inner-col{column-gap:var(--global-kb-gap-sm, 1rem);}.kadence-column738_602ad9-3e > .kt-inside-inner-col{flex-direction:column;}.kadence-column738_602ad9-3e > .kt-inside-inner-col > .aligncenter{width:100%;}.kadence-column738_602ad9-3e > .kt-inside-inner-col:before{opacity:0.3;}.kadence-column738_602ad9-3e{position:relative;}@media all and (max-width: 1024px){.kadence-column738_602ad9-3e > .kt-inside-inner-col{flex-direction:column;justify-content:center;}}@media all and (max-width: 767px){.kadence-column738_602ad9-3e > .kt-inside-inner-col{flex-direction:column;justify-content:center;}}<\/style>\n<div class=\"wp-block-kadence-column kadence-column738_602ad9-3e\"><div class=\"kt-inside-inner-col\">\n<p class=\"has-text-align-center has--font-size has-theme-palette-5-color has-text-color has-link-color has-medium-font-size wp-elements-25effb249eff2cb89b9a744185b5c9a9\">___________________________<br><strong>MGEN &#8211; Maisons-Laffitte<br>14 Mars 2026<\/strong><\/p>\n<\/div><\/div>\n\n<\/div><\/div><\/div><\/div>\n\n<\/div><\/div>\n\n<div class=\"wp-block-image\">\n<figure class=\"aligncenter size-full is-resized\"><img loading=\"lazy\" decoding=\"async\" width=\"1280\" height=\"358\" src=\"https:\/\/ceuxquichantentdebout.fr\/wp-content\/uploads\/2026\/03\/Capture-decran-2026-03-19-a-10.38.09.jpg\" alt=\"\" class=\"wp-image-1006\" style=\"width:783px;height:auto\" srcset=\"https:\/\/ceuxquichantentdebout.fr\/wp-content\/uploads\/2026\/03\/Capture-decran-2026-03-19-a-10.38.09.jpg 1280w, https:\/\/ceuxquichantentdebout.fr\/wp-content\/uploads\/2026\/03\/Capture-decran-2026-03-19-a-10.38.09-300x84.jpg 300w, https:\/\/ceuxquichantentdebout.fr\/wp-content\/uploads\/2026\/03\/Capture-decran-2026-03-19-a-10.38.09-1024x286.jpg 1024w, https:\/\/ceuxquichantentdebout.fr\/wp-content\/uploads\/2026\/03\/Capture-decran-2026-03-19-a-10.38.09-768x215.jpg 768w\" sizes=\"auto, (max-width: 1280px) 100vw, 1280px\" \/><\/figure><\/div><\/div><\/div>\n\n<\/div><\/div>\n\n<style>.kb-row-layout-id738_00fcb5-de > .kt-row-column-wrap{align-content:start;}:where(.kb-row-layout-id738_00fcb5-de > .kt-row-column-wrap) > .wp-block-kadence-column{justify-content:start;}.kb-row-layout-id738_00fcb5-de > .kt-row-column-wrap{column-gap:var(--global-kb-gap-md, 2rem);row-gap:var(--global-kb-gap-md, 2rem);grid-template-columns:minmax(0, 1fr);}.kb-row-layout-id738_00fcb5-de > .kt-row-layout-overlay{opacity:0.30;}@media all and (max-width: 1024px){.kb-row-layout-id738_00fcb5-de > .kt-row-column-wrap{grid-template-columns:minmax(0, 1fr);}}@media all and (max-width: 767px){.kb-row-layout-id738_00fcb5-de > .kt-row-column-wrap{grid-template-columns:minmax(0, 1fr);}}<\/style><div class=\"kb-row-layout-wrap kb-row-layout-id738_00fcb5-de alignnone wp-block-kadence-rowlayout\"><div class=\"kt-row-column-wrap kt-has-1-columns kt-row-layout-equal kt-tab-layout-inherit kt-mobile-layout-row kt-row-valign-top\">\n<style>.kadence-column738_8756b8-09 > .kt-inside-inner-col,.kadence-column738_8756b8-09 > .kt-inside-inner-col:before{border-top-left-radius:0px;border-top-right-radius:0px;border-bottom-right-radius:0px;border-bottom-left-radius:0px;}.kadence-column738_8756b8-09 > .kt-inside-inner-col{column-gap:var(--global-kb-gap-sm, 1rem);}.kadence-column738_8756b8-09 > .kt-inside-inner-col{flex-direction:column;}.kadence-column738_8756b8-09 > .kt-inside-inner-col > .aligncenter{width:100%;}.kadence-column738_8756b8-09 > .kt-inside-inner-col:before{opacity:0.3;}.kadence-column738_8756b8-09{position:relative;}@media all and (max-width: 1024px){.kadence-column738_8756b8-09 > .kt-inside-inner-col{flex-direction:column;justify-content:center;}}@media all and (max-width: 767px){.kadence-column738_8756b8-09 > .kt-inside-inner-col{flex-direction:column;justify-content:center;}}<\/style>\n<div class=\"wp-block-kadence-column kadence-column738_8756b8-09\"><div class=\"kt-inside-inner-col\">\n<div class=\"wp-block-columns is-layout-flex wp-container-core-columns-is-layout-9d6595d7 wp-block-columns-is-layout-flex\">\n<div class=\"wp-block-column is-vertically-aligned-top is-layout-flow wp-block-column-is-layout-flow\">\n<p class=\"has-text-align-center has-theme-palette-5-color has-text-color has-link-color wp-elements-d09a9f8477e113e8b2c35520d7db2f4e\" style=\"font-size:21px\">__________________________<br>Pour les R\u00e9sidents de l&#8217;institution &#8220;Le Village&#8221; <br>Jeudi 9 Octobre 2025 &#8211; <strong>Ch\u00e2teau de Maisons<\/strong>&#8211;<strong>Laffitte<\/strong><br><\/p>\n\n\n\n<figure class=\"wp-block-video alignwide\"><video controls src=\"http:\/\/ceuxquichantentdebout.fr\/wp-content\/uploads\/2025\/10\/chateau-ML-09-octobre-2025.mp4\"><\/video><\/figure>\n<\/div>\n\n\n\n<div class=\"wp-block-column is-layout-flow wp-block-column-is-layout-flow\">\n<p class=\"has-text-align-center has-theme-palette-5-color has-text-color has-link-color wp-elements-00bbd8f2d9c4a35eaf0cc9102f944b24\" style=\"font-size:21px\">________________________<br><strong>H\u00f4tel de la Marine &#8211; Place de la Concorde<\/strong><br>13 D\u00e9cembre 2025 &#8211; Cour d&#8217;honneur<br><\/p>\n\n\n\n<figure class=\"wp-block-video aligncenter\"><video controls src=\"http:\/\/ceuxquichantentdebout.fr\/wp-content\/uploads\/2025\/12\/VIDEO-2025-12-13-23-27-16.mp4\"><\/video><\/figure>\n<\/div>\n<\/div>\n<\/div><\/div>\n\n<\/div><\/div><\/div>\n<\/div>\n<\/div><\/div>\n\n<\/div><\/div><\/div>\n<\/div>\n","protected":false},"excerpt":{"rendered":"<p>ANCIENNE EGLISE23 rue de la Vieille \u00e9gliseMaisons-Laffitte SAMEDI 4 JUILLET &#8211; 20h30Concert au chapeau _____________________________Berges du Canal St Martin 75010DIMANCHE 28 JUIN 2026 &#8211; Apr\u00e8s-midiM\u00e9tro : Colonel Fabien \/ Gare de l&#8217;Est ___________________________MGEN &#8211; Maisons-Laffitte14 Mars 2026 __________________________Pour les R\u00e9sidents de l&#8217;institution &#8220;Le Village&#8221; Jeudi 9 Octobre 2025 &#8211; Ch\u00e2teau de Maisons&#8211;Laffitte ________________________H\u00f4tel de la&#8230;<\/p>\n","protected":false},"author":1,"featured_media":0,"parent":0,"menu_order":0,"comment_status":"closed","ping_status":"closed","template":"","meta":{"_kadence_starter_templates_imported_post":false,"_kad_post_transparent":"","_kad_post_title":"","_kad_post_layout":"","_kad_post_sidebar_id":"","_kad_post_content_style":"","_kad_post_vertical_padding":"","_kad_post_feature":"","_kad_post_feature_position":"","_kad_post_header":false,"_kad_post_footer":false,"footnotes":""},"class_list":["post-738","page","type-page","status-publish","hentry"],"_links":{"self":[{"href":"https:\/\/ceuxquichantentdebout.fr\/index.php?rest_route=\/wp\/v2\/pages\/738","targetHints":{"allow":["GET"]}}],"collection":[{"href":"https:\/\/ceuxquichantentdebout.fr\/index.php?rest_route=\/wp\/v2\/pages"}],"about":[{"href":"https:\/\/ceuxquichantentdebout.fr\/index.php?rest_route=\/wp\/v2\/types\/page"}],"author":[{"embeddable":true,"href":"https:\/\/ceuxquichantentdebout.fr\/index.php?rest_route=\/wp\/v2\/users\/1"}],"replies":[{"embeddable":true,"href":"https:\/\/ceuxquichantentdebout.fr\/index.php?rest_route=%2Fwp%2Fv2%2Fcomments&post=738"}],"version-history":[{"count":34,"href":"https:\/\/ceuxquichantentdebout.fr\/index.php?rest_route=\/wp\/v2\/pages\/738\/revisions"}],"predecessor-version":[{"id":1035,"href":"https:\/\/ceuxquichantentdebout.fr\/index.php?rest_route=\/wp\/v2\/pages\/738\/revisions\/1035"}],"wp:attachment":[{"href":"https:\/\/ceuxquichantentdebout.fr\/index.php?rest_route=%2Fwp%2Fv2%2Fmedia&parent=738"}],"curies":[{"name":"wp","href":"https:\/\/api.w.org\/{rel}","templated":true}]}}