{"id":778,"date":"2025-10-09T17:00:18","date_gmt":"2025-10-09T15:00:18","guid":{"rendered":"https:\/\/ceuxquichantentdebout.fr\/?page_id=778"},"modified":"2025-11-06T12:55:29","modified_gmt":"2025-11-06T11:55:29","slug":"le-chef-de-choeur","status":"publish","type":"page","link":"https:\/\/ceuxquichantentdebout.fr\/?page_id=778","title":{"rendered":"Le Chef de Choeur"},"content":{"rendered":"\n<div class=\"wp-block-columns is-layout-flex wp-container-core-columns-is-layout-9d6595d7 wp-block-columns-is-layout-flex\">\n<div class=\"wp-block-column is-layout-flow wp-block-column-is-layout-flow\"><style>.kb-row-layout-id778_4b4cd8-9b > .kt-row-column-wrap{align-content:start;}:where(.kb-row-layout-id778_4b4cd8-9b > .kt-row-column-wrap) > .wp-block-kadence-column{justify-content:start;}.kb-row-layout-id778_4b4cd8-9b > .kt-row-column-wrap{column-gap:var(--global-kb-gap-md, 2rem);row-gap:var(--global-kb-gap-none, 0rem );grid-template-columns:minmax(0, 1fr);}.kb-row-layout-id778_4b4cd8-9b{background-image:linear-gradient(103deg,rgb(204,186,151) 69%,rgb(79,93,139) 88%);}.kb-row-layout-id778_4b4cd8-9b > .kt-row-layout-overlay{opacity:0.30;}@media all and (max-width: 1024px){.kb-row-layout-id778_4b4cd8-9b > .kt-row-column-wrap{grid-template-columns:minmax(0, 1fr);}}@media all and (max-width: 767px){.kb-row-layout-id778_4b4cd8-9b > .kt-row-column-wrap{grid-template-columns:minmax(0, 1fr);}}<\/style><div class=\"kb-row-layout-wrap kb-row-layout-id778_4b4cd8-9b alignnone kt-row-has-bg wp-block-kadence-rowlayout\"><div class=\"kt-row-column-wrap kt-has-1-columns kt-row-layout-equal kt-tab-layout-inherit kt-mobile-layout-row kt-row-valign-top\">\n<style>.kadence-column778_aa497d-15 > .kt-inside-inner-col,.kadence-column778_aa497d-15 > .kt-inside-inner-col:before{border-top-left-radius:0px;border-top-right-radius:0px;border-bottom-right-radius:0px;border-bottom-left-radius:0px;}.kadence-column778_aa497d-15 > .kt-inside-inner-col{column-gap:var(--global-kb-gap-sm, 1rem);}.kadence-column778_aa497d-15 > .kt-inside-inner-col{flex-direction:column;}.kadence-column778_aa497d-15 > .kt-inside-inner-col > .aligncenter{width:100%;}.kadence-column778_aa497d-15 > .kt-inside-inner-col:before{opacity:0.3;}.kadence-column778_aa497d-15{position:relative;}@media all and (max-width: 1024px){.kadence-column778_aa497d-15 > .kt-inside-inner-col{flex-direction:column;justify-content:center;}}@media all and (max-width: 767px){.kadence-column778_aa497d-15 > .kt-inside-inner-col{flex-direction:column;justify-content:center;}}<\/style>\n<div class=\"wp-block-kadence-column kadence-column778_aa497d-15\"><div class=\"kt-inside-inner-col\">\n<div class=\"wp-block-columns is-layout-flex wp-container-core-columns-is-layout-9d6595d7 wp-block-columns-is-layout-flex\">\n<div class=\"wp-block-column is-layout-flow wp-block-column-is-layout-flow\" style=\"flex-basis:33.33%\"><\/div>\n\n\n\n<div class=\"wp-block-column is-layout-flow wp-block-column-is-layout-flow\" style=\"flex-basis:66.66%\">\n<p class=\"has-text-align-left\" style=\"font-size:36px\"><strong>Fabrice Aug\u00e9-Dedieu<\/strong><\/p>\n<\/div>\n<\/div>\n\n\n<style>.kb-row-layout-id778_1675f2-c1 > .kt-row-column-wrap{align-content:start;}:where(.kb-row-layout-id778_1675f2-c1 > .kt-row-column-wrap) > .wp-block-kadence-column{justify-content:start;}.kb-row-layout-id778_1675f2-c1 > .kt-row-column-wrap{column-gap:var(--global-kb-gap-md, 2rem);row-gap:var(--global-kb-gap-md, 2rem);padding-bottom:var(--global-kb-spacing-sm, 1.5rem);grid-template-columns:minmax(0, 1fr);}.kb-row-layout-id778_1675f2-c1 > .kt-row-layout-overlay{opacity:0.30;}@media all and (max-width: 1024px){.kb-row-layout-id778_1675f2-c1 > .kt-row-column-wrap{grid-template-columns:minmax(0, 1fr);}}@media all and (max-width: 767px){.kb-row-layout-id778_1675f2-c1 > .kt-row-column-wrap{grid-template-columns:minmax(0, 1fr);}}<\/style><div class=\"kb-row-layout-wrap kb-row-layout-id778_1675f2-c1 alignnone wp-block-kadence-rowlayout\"><div class=\"kt-row-column-wrap kt-has-1-columns kt-row-layout-equal kt-tab-layout-inherit kt-mobile-layout-row kt-row-valign-top\">\n<style>.kadence-column778_345868-a1 > .kt-inside-inner-col,.kadence-column778_345868-a1 > .kt-inside-inner-col:before{border-top-left-radius:0px;border-top-right-radius:0px;border-bottom-right-radius:0px;border-bottom-left-radius:0px;}.kadence-column778_345868-a1 > .kt-inside-inner-col{column-gap:var(--global-kb-gap-sm, 1rem);}.kadence-column778_345868-a1 > .kt-inside-inner-col{flex-direction:column;}.kadence-column778_345868-a1 > .kt-inside-inner-col > .aligncenter{width:100%;}.kadence-column778_345868-a1 > .kt-inside-inner-col:before{opacity:0.3;}.kadence-column778_345868-a1{position:relative;}@media all and (max-width: 1024px){.kadence-column778_345868-a1 > .kt-inside-inner-col{flex-direction:column;justify-content:center;}}@media all and (max-width: 767px){.kadence-column778_345868-a1 > .kt-inside-inner-col{flex-direction:column;justify-content:center;}}<\/style>\n<div class=\"wp-block-kadence-column kadence-column778_345868-a1\"><div class=\"kt-inside-inner-col\">\n<p class=\"has-text-align-center\" style=\"font-size:18px\"><strong>             CHANTEUR, COM\u00c9DIEN, PROFESSEUR ET CHEF DE CHOEUR<\/strong><\/p>\n<\/div><\/div>\n\n<\/div><\/div>\n\n<style>.kb-row-layout-id778_fce774-c6 > .kt-row-column-wrap{align-content:start;}:where(.kb-row-layout-id778_fce774-c6 > .kt-row-column-wrap) > .wp-block-kadence-column{justify-content:start;}.kb-row-layout-id778_fce774-c6 > .kt-row-column-wrap{column-gap:var(--global-kb-gap-md, 2rem);row-gap:var(--global-kb-gap-md, 2rem);grid-template-columns:minmax(0, 1fr);}.kb-row-layout-id778_fce774-c6 > .kt-row-layout-overlay{opacity:0.30;}@media all and (max-width: 1024px){.kb-row-layout-id778_fce774-c6 > .kt-row-column-wrap{grid-template-columns:minmax(0, 1fr);}}@media all and (max-width: 767px){.kb-row-layout-id778_fce774-c6 > .kt-row-column-wrap{grid-template-columns:minmax(0, 1fr);}}<\/style><div class=\"kb-row-layout-wrap kb-row-layout-id778_fce774-c6 alignnone wp-block-kadence-rowlayout\"><div class=\"kt-row-column-wrap kt-has-1-columns kt-row-layout-equal kt-tab-layout-inherit kt-mobile-layout-row kt-row-valign-top\">\n<style>.kadence-column778_dcfb5e-cd > .kt-inside-inner-col{display:flex;}.kadence-column778_dcfb5e-cd > .kt-inside-inner-col,.kadence-column778_dcfb5e-cd > .kt-inside-inner-col:before{border-top-left-radius:0px;border-top-right-radius:0px;border-bottom-right-radius:0px;border-bottom-left-radius:0px;}.kadence-column778_dcfb5e-cd > .kt-inside-inner-col{row-gap:var(--global-kb-gap-none, 0rem );column-gap:var(--global-kb-gap-sm, 1rem);}.kadence-column778_dcfb5e-cd > .kt-inside-inner-col{flex-direction:column;}.kadence-column778_dcfb5e-cd > .kt-inside-inner-col > .aligncenter{width:100%;}.kadence-column778_dcfb5e-cd > .kt-inside-inner-col:before{opacity:0.3;}.kadence-column778_dcfb5e-cd{position:relative;}@media all and (max-width: 1024px){.kadence-column778_dcfb5e-cd > .kt-inside-inner-col{flex-direction:column;justify-content:center;}}@media all and (max-width: 767px){.kadence-column778_dcfb5e-cd > .kt-inside-inner-col{flex-direction:column;justify-content:center;}}<\/style>\n<div class=\"wp-block-kadence-column kadence-column778_dcfb5e-cd\"><div class=\"kt-inside-inner-col\">\n<div class=\"wp-block-columns is-layout-flex wp-container-core-columns-is-layout-9d6595d7 wp-block-columns-is-layout-flex\">\n<div class=\"wp-block-column is-vertically-aligned-top is-layout-flow wp-block-column-is-layout-flow\" style=\"flex-basis:33.33%\">\n<figure class=\"wp-block-image size-full\"><img loading=\"lazy\" decoding=\"async\" width=\"518\" height=\"739\" src=\"https:\/\/ceuxquichantentdebout.fr\/wp-content\/uploads\/2025\/10\/Fabrice3.png\" alt=\"\" class=\"wp-image-793\" srcset=\"https:\/\/ceuxquichantentdebout.fr\/wp-content\/uploads\/2025\/10\/Fabrice3.png 518w, https:\/\/ceuxquichantentdebout.fr\/wp-content\/uploads\/2025\/10\/Fabrice3-210x300.png 210w\" sizes=\"auto, (max-width: 518px) 100vw, 518px\" \/><\/figure>\n<\/div>\n\n\n\n<div class=\"wp-block-column is-layout-flow wp-block-column-is-layout-flow\" style=\"flex-basis:86.66%\">\n<p><strong><em>Chanteur<\/em><\/strong> <br>Il collabore aux repr\u00e9sentations des &#8220;<em>Contes d\u2019Hoffmann <\/em>&#8221; de Jacques Offenbach mis en sc\u00e8ne par J\u00e9r\u00f4me Savary \u00e0 Bercy en 2004.<br>Il joue et chante &#8220;<em>Le financier et le savetier<\/em> &#8221; de Jacques Offenbach.<br>Il participe \u00e0 la cr\u00e9ation de com\u00e9dies musicales&nbsp;:<br>&#8221; <em>La petite sir\u00e8ne<\/em> &#8221; au th\u00e9\u00e2tre de Paris puis en tourn\u00e9e de 2007 \u00e0 2011,<br>&#8221; <em>La petite fille aux allumettes <\/em>&#8220;, &#8221; <em>Big bang bulle \u2013 sauvons la terre<\/em> &#8220;, &#8221; <em>Polarro\u00efde<\/em>&#8220;.<br>Il accompagne de nombreux artistes sur sc\u00e8ne et a enregistr\u00e9 un album avec le quatuor &#8221; <em>Tempo libre<\/em> &#8220;.<br><em><strong>Acteur<\/strong> <\/em>:<br>Au th\u00e9\u00e2tre dans les pi\u00e8ces de Christian Palustran, Hassen Chaouche, Lili Caire-Kemet, Marie-C\u00e9line Lachaud, Emmanuelle Delle Piane.<br><strong><em>Professeur<\/em><\/strong> : il a enseign\u00e9 le chant \u00e0 l\u2019Essec, Centrale et \u00e0 l\u2019universit\u00e9 d\u2019Evry.<br><strong><em>Chef de choeur<\/em><\/strong> : Il dirige depuis 23 ans le ch\u0153ur de &#8221; <em><strong>Ceux qui chantent debout<\/strong><\/em> &#8220;.<\/p>\n\n\n\n<p><strong><a href=\"https:\/\/ceuxquichantentdebout.fr\/?page_id=832\" data-type=\"page\" data-id=\"832\">BIOGRAPHIE de Fabrice<\/a><\/strong><\/p>\n<\/div>\n<\/div>\n\n\n<style>.kb-row-layout-id778_70b57f-d0 > .kt-row-column-wrap{align-content:start;}:where(.kb-row-layout-id778_70b57f-d0 > .kt-row-column-wrap) > .wp-block-kadence-column{justify-content:start;}.kb-row-layout-id778_70b57f-d0 > .kt-row-column-wrap{column-gap:var(--global-kb-gap-md, 2rem);row-gap:var(--global-kb-gap-md, 2rem);grid-template-columns:minmax(0, 2fr) minmax(0, 1fr);}.kb-row-layout-id778_70b57f-d0 > .kt-row-layout-overlay{opacity:0.30;}@media all and (max-width: 1024px){.kb-row-layout-id778_70b57f-d0 > .kt-row-column-wrap{grid-template-columns:minmax(0, 2fr) minmax(0, 1fr);}}@media all and (max-width: 767px){.kb-row-layout-id778_70b57f-d0 > .kt-row-column-wrap{grid-template-columns:minmax(0, 1fr);}}<\/style><div class=\"kb-row-layout-wrap kb-row-layout-id778_70b57f-d0 alignnone wp-block-kadence-rowlayout\"><div class=\"kt-row-column-wrap kt-has-2-columns kt-row-layout-left-golden kt-tab-layout-inherit kt-mobile-layout-row kt-row-valign-top\">\n<style>.kadence-column778_10bcef-04 > .kt-inside-inner-col,.kadence-column778_10bcef-04 > .kt-inside-inner-col:before{border-top-left-radius:0px;border-top-right-radius:0px;border-bottom-right-radius:0px;border-bottom-left-radius:0px;}.kadence-column778_10bcef-04 > .kt-inside-inner-col{column-gap:var(--global-kb-gap-sm, 1rem);}.kadence-column778_10bcef-04 > .kt-inside-inner-col{flex-direction:column;}.kadence-column778_10bcef-04 > .kt-inside-inner-col > .aligncenter{width:100%;}.kadence-column778_10bcef-04 > .kt-inside-inner-col:before{opacity:0.3;}.kadence-column778_10bcef-04{position:relative;}@media all and (max-width: 1024px){.kadence-column778_10bcef-04 > .kt-inside-inner-col{flex-direction:column;justify-content:center;}}@media all and (max-width: 767px){.kadence-column778_10bcef-04 > .kt-inside-inner-col{flex-direction:column;justify-content:center;}}<\/style>\n<div class=\"wp-block-kadence-column kadence-column778_10bcef-04\"><div class=\"kt-inside-inner-col\"><style>.kb-row-layout-id778_0c5cf5-0e > .kt-row-column-wrap{align-content:start;}:where(.kb-row-layout-id778_0c5cf5-0e > .kt-row-column-wrap) > .wp-block-kadence-column{justify-content:start;}.kb-row-layout-id778_0c5cf5-0e > .kt-row-column-wrap{column-gap:var(--global-kb-gap-md, 2rem);row-gap:var(--global-kb-gap-md, 2rem);padding-top:var(--global-kb-spacing-sm, 1.5rem);grid-template-columns:minmax(0, 1fr);}.kb-row-layout-id778_0c5cf5-0e > .kt-row-layout-overlay{opacity:0.30;}@media all and (max-width: 1024px){.kb-row-layout-id778_0c5cf5-0e > .kt-row-column-wrap{grid-template-columns:minmax(0, 1fr);}}@media all and (max-width: 767px){.kb-row-layout-id778_0c5cf5-0e > .kt-row-column-wrap{grid-template-columns:minmax(0, 1fr);}}<\/style><div class=\"kb-row-layout-wrap kb-row-layout-id778_0c5cf5-0e alignnone wp-block-kadence-rowlayout\"><div class=\"kt-row-column-wrap kt-has-1-columns kt-row-layout-equal kt-tab-layout-inherit kt-mobile-layout-row kt-row-valign-top\">\n<style>.kadence-column778_6982b0-da > .kt-inside-inner-col,.kadence-column778_6982b0-da > .kt-inside-inner-col:before{border-top-left-radius:0px;border-top-right-radius:0px;border-bottom-right-radius:0px;border-bottom-left-radius:0px;}.kadence-column778_6982b0-da > .kt-inside-inner-col{column-gap:var(--global-kb-gap-sm, 1rem);}.kadence-column778_6982b0-da > .kt-inside-inner-col{flex-direction:column;}.kadence-column778_6982b0-da > .kt-inside-inner-col > .aligncenter{width:100%;}.kadence-column778_6982b0-da > .kt-inside-inner-col:before{opacity:0.3;}.kadence-column778_6982b0-da{position:relative;}@media all and (max-width: 1024px){.kadence-column778_6982b0-da > .kt-inside-inner-col{flex-direction:column;justify-content:center;}}@media all and (max-width: 767px){.kadence-column778_6982b0-da > .kt-inside-inner-col{flex-direction:column;justify-content:center;}}<\/style>\n<div class=\"wp-block-kadence-column kadence-column778_6982b0-da\"><div class=\"kt-inside-inner-col\">\n<p class=\"has-text-align-center\" style=\"font-size:36px\"><strong>B\u00e9rang\u00e8re Adda<\/strong><\/p>\n<\/div><\/div>\n\n<\/div><\/div>\n\n<style>.kb-row-layout-id778_ee2ded-67 > .kt-row-column-wrap{align-content:start;}:where(.kb-row-layout-id778_ee2ded-67 > .kt-row-column-wrap) > .wp-block-kadence-column{justify-content:start;}.kb-row-layout-id778_ee2ded-67 > .kt-row-column-wrap{column-gap:var(--global-kb-gap-md, 2rem);row-gap:var(--global-kb-gap-md, 2rem);grid-template-columns:minmax(0, 1fr);}.kb-row-layout-id778_ee2ded-67 > .kt-row-layout-overlay{opacity:0.30;}@media all and (max-width: 1024px){.kb-row-layout-id778_ee2ded-67 > .kt-row-column-wrap{grid-template-columns:minmax(0, 1fr);}}@media all and (max-width: 767px){.kb-row-layout-id778_ee2ded-67 > .kt-row-column-wrap{grid-template-columns:minmax(0, 1fr);}}<\/style><div class=\"kb-row-layout-wrap kb-row-layout-id778_ee2ded-67 alignnone wp-block-kadence-rowlayout\"><div class=\"kt-row-column-wrap kt-has-1-columns kt-row-layout-equal kt-tab-layout-inherit kt-mobile-layout-row kt-row-valign-top\">\n<style>.kadence-column778_1272ea-26 > .kt-inside-inner-col,.kadence-column778_1272ea-26 > .kt-inside-inner-col:before{border-top-left-radius:0px;border-top-right-radius:0px;border-bottom-right-radius:0px;border-bottom-left-radius:0px;}.kadence-column778_1272ea-26 > .kt-inside-inner-col{column-gap:var(--global-kb-gap-sm, 1rem);}.kadence-column778_1272ea-26 > .kt-inside-inner-col{flex-direction:column;}.kadence-column778_1272ea-26 > .kt-inside-inner-col > .aligncenter{width:100%;}.kadence-column778_1272ea-26 > .kt-inside-inner-col:before{opacity:0.3;}.kadence-column778_1272ea-26{position:relative;}@media all and (max-width: 1024px){.kadence-column778_1272ea-26 > .kt-inside-inner-col{flex-direction:column;justify-content:center;}}@media all and (max-width: 767px){.kadence-column778_1272ea-26 > .kt-inside-inner-col{flex-direction:column;justify-content:center;}}<\/style>\n<div class=\"wp-block-kadence-column kadence-column778_1272ea-26\"><div class=\"kt-inside-inner-col\">\n<p class=\"has-text-align-center\" style=\"font-size:18px\"><strong>Journaliste, Musicienne, Com\u00e9dienne et Autrice<\/strong><\/p>\n<\/div><\/div>\n\n<\/div><\/div>\n\n\n<p class=\"has-theme-palette-4-color has-text-color has-link-color wp-elements-6fac20c4092de7d3d28bba0d266b71a0\"><br>Avec Fabrice, en 1992, elle suit les cours de la soprano Cathy Missika qui enseigne le chant baroque.<br>Fabrice lui propose de venir le rejoindre et de co-animer le ch\u0153ur.<br>Elle fait alors partie du d\u00e9but de l&#8217;aventure &#8220;<a href=\"https:\/\/ceuxquichantentdebout.fr\/?page_id=567\" data-type=\"page\" data-id=\"567\">Ceux qui chantent debout&#8221;<\/a>. <br><br>Imaginer des voix sur une m\u00e9lodie existante &#8211; Ciseler les voix qu&#8217;elle cr\u00e9er et veiller \u00e0 ne pas d\u00e9naturer l&#8217;intention originelle du chant.<br>Chercher et rechercher des chants de contr\u00e9es ou de langues originales, voil\u00e0 sa passion.<\/p>\n\n\n\n<p><\/p>\n\n\n\n<p class=\"has-theme-palette-1-color has-text-color has-link-color wp-elements-f04210f8fc02dcb3f3443c8d2f970719\"><a href=\"https:\/\/ceuxquichantentdebout.fr\/?page_id=954\" data-type=\"page\" data-id=\"954\"><\/a><a href=\"https:\/\/ceuxquichantentdebout.fr\/?page_id=954\" data-type=\"page\" data-id=\"954\"><strong>BIOGRAPHIE de B\u00e9rang\u00e8re<\/strong><\/a><\/p>\n\n\n\n<p class=\"has-theme-palette-4-color has-text-color has-link-color wp-elements-dbdbc087a580d3118be30a15f08d52e4\"><br><\/p>\n<\/div><\/div>\n\n\n<style>.kadence-column778_5c0d7e-18 > .kt-inside-inner-col,.kadence-column778_5c0d7e-18 > .kt-inside-inner-col:before{border-top-left-radius:0px;border-top-right-radius:0px;border-bottom-right-radius:0px;border-bottom-left-radius:0px;}.kadence-column778_5c0d7e-18 > .kt-inside-inner-col{column-gap:var(--global-kb-gap-sm, 1rem);}.kadence-column778_5c0d7e-18 > .kt-inside-inner-col{flex-direction:column;}.kadence-column778_5c0d7e-18 > .kt-inside-inner-col > .aligncenter{width:100%;}.kadence-column778_5c0d7e-18 > .kt-inside-inner-col:before{opacity:0.3;}.kadence-column778_5c0d7e-18{position:relative;}@media all and (max-width: 1024px){.kadence-column778_5c0d7e-18 > .kt-inside-inner-col{flex-direction:column;justify-content:center;}}@media all and (max-width: 767px){.kadence-column778_5c0d7e-18 > .kt-inside-inner-col{flex-direction:column;justify-content:center;}}<\/style>\n<div class=\"wp-block-kadence-column kadence-column778_5c0d7e-18\"><div class=\"kt-inside-inner-col\"><div class=\"wp-block-image\">\n<figure class=\"aligncenter size-large\"><img loading=\"lazy\" decoding=\"async\" width=\"863\" height=\"1024\" src=\"https:\/\/ceuxquichantentdebout.fr\/wp-content\/uploads\/2025\/10\/Berengere-1-863x1024.jpg\" alt=\"\" class=\"wp-image-927\" srcset=\"https:\/\/ceuxquichantentdebout.fr\/wp-content\/uploads\/2025\/10\/Berengere-1-863x1024.jpg 863w, https:\/\/ceuxquichantentdebout.fr\/wp-content\/uploads\/2025\/10\/Berengere-1-253x300.jpg 253w, https:\/\/ceuxquichantentdebout.fr\/wp-content\/uploads\/2025\/10\/Berengere-1-768x912.jpg 768w, https:\/\/ceuxquichantentdebout.fr\/wp-content\/uploads\/2025\/10\/Berengere-1.jpg 1064w\" sizes=\"auto, (max-width: 863px) 100vw, 863px\" \/><\/figure><\/div><\/div><\/div>\n\n<\/div><\/div>\n\n<style>.kb-row-layout-id778_5aef07-6e > .kt-row-column-wrap{align-content:start;}:where(.kb-row-layout-id778_5aef07-6e > .kt-row-column-wrap) > .wp-block-kadence-column{justify-content:start;}.kb-row-layout-id778_5aef07-6e > .kt-row-column-wrap{column-gap:var(--global-kb-gap-md, 2rem);row-gap:var(--global-kb-gap-md, 2rem);grid-template-columns:minmax(0, 1fr);}.kb-row-layout-id778_5aef07-6e > .kt-row-layout-overlay{opacity:0.30;}@media all and (max-width: 1024px){.kb-row-layout-id778_5aef07-6e > .kt-row-column-wrap{grid-template-columns:minmax(0, 1fr);}}@media all and (max-width: 767px){.kb-row-layout-id778_5aef07-6e > .kt-row-column-wrap{grid-template-columns:minmax(0, 1fr);}}<\/style><div class=\"kb-row-layout-wrap kb-row-layout-id778_5aef07-6e alignnone wp-block-kadence-rowlayout\"><div class=\"kt-row-column-wrap kt-has-1-columns kt-row-layout-equal kt-tab-layout-inherit kt-mobile-layout-row kt-row-valign-top\">\n<style>.kadence-column778_7436dc-8f > .kt-inside-inner-col,.kadence-column778_7436dc-8f > .kt-inside-inner-col:before{border-top-left-radius:0px;border-top-right-radius:0px;border-bottom-right-radius:0px;border-bottom-left-radius:0px;}.kadence-column778_7436dc-8f > .kt-inside-inner-col{column-gap:var(--global-kb-gap-sm, 1rem);}.kadence-column778_7436dc-8f > .kt-inside-inner-col{flex-direction:column;}.kadence-column778_7436dc-8f > .kt-inside-inner-col > .aligncenter{width:100%;}.kadence-column778_7436dc-8f > .kt-inside-inner-col:before{opacity:0.3;}.kadence-column778_7436dc-8f{position:relative;}@media all and (max-width: 1024px){.kadence-column778_7436dc-8f > .kt-inside-inner-col{flex-direction:column;justify-content:center;}}@media all and (max-width: 767px){.kadence-column778_7436dc-8f > .kt-inside-inner-col{flex-direction:column;justify-content:center;}}<\/style>\n<div class=\"wp-block-kadence-column kadence-column778_7436dc-8f\"><div class=\"kt-inside-inner-col\"><\/div><\/div>\n\n<\/div><\/div>\n\n<style>.kb-row-layout-id778_19f5b2-ea > .kt-row-column-wrap{align-content:start;}:where(.kb-row-layout-id778_19f5b2-ea > .kt-row-column-wrap) > .wp-block-kadence-column{justify-content:start;}.kb-row-layout-id778_19f5b2-ea > .kt-row-column-wrap{column-gap:var(--global-kb-gap-md, 2rem);row-gap:var(--global-kb-gap-md, 2rem);grid-template-columns:minmax(0, 1fr);}.kb-row-layout-id778_19f5b2-ea > .kt-row-layout-overlay{opacity:0.30;}@media all and (max-width: 1024px){.kb-row-layout-id778_19f5b2-ea > .kt-row-column-wrap{grid-template-columns:minmax(0, 1fr);}}@media all and (max-width: 767px){.kb-row-layout-id778_19f5b2-ea > .kt-row-column-wrap{grid-template-columns:minmax(0, 1fr);}}<\/style><div class=\"kb-row-layout-wrap kb-row-layout-id778_19f5b2-ea alignnone wp-block-kadence-rowlayout\"><div class=\"kt-row-column-wrap kt-has-1-columns kt-row-layout-equal kt-tab-layout-inherit kt-mobile-layout-row kt-row-valign-top\">\n<style>.kadence-column778_2357ce-b4 > .kt-inside-inner-col,.kadence-column778_2357ce-b4 > .kt-inside-inner-col:before{border-top-left-radius:0px;border-top-right-radius:0px;border-bottom-right-radius:0px;border-bottom-left-radius:0px;}.kadence-column778_2357ce-b4 > .kt-inside-inner-col{column-gap:var(--global-kb-gap-sm, 1rem);}.kadence-column778_2357ce-b4 > .kt-inside-inner-col{flex-direction:column;}.kadence-column778_2357ce-b4 > .kt-inside-inner-col > .aligncenter{width:100%;}.kadence-column778_2357ce-b4 > .kt-inside-inner-col:before{opacity:0.3;}.kadence-column778_2357ce-b4{position:relative;}@media all and (max-width: 1024px){.kadence-column778_2357ce-b4 > .kt-inside-inner-col{flex-direction:column;justify-content:center;}}@media all and (max-width: 767px){.kadence-column778_2357ce-b4 > .kt-inside-inner-col{flex-direction:column;justify-content:center;}}<\/style>\n<div class=\"wp-block-kadence-column kadence-column778_2357ce-b4\"><div class=\"kt-inside-inner-col\">\n<p class=\"has-text-align-center\"><br><em><strong>la d\u00e9couverte, l\u2019\u00e9change, le respect, l\u2019amour de l\u2019autre, la fraternit\u00e9<\/strong><\/em>\u2026<br>B\u00e9reng\u00e8re et Fabrice partagent, avec leurs choristes, leur travail sur la musicalit\u00e9, les rythmes et les arrangements in\u00e9dits de certains chants.<\/p>\n\n\n\n<p><\/p>\n<\/div><\/div>\n\n<\/div><\/div><\/div><\/div>\n\n<\/div><\/div><\/div><\/div>\n\n<\/div><\/div><\/div>\n<\/div>\n\n\n\n<p><\/p>\n","protected":false},"excerpt":{"rendered":"<p>Fabrice Aug\u00e9-Dedieu CHANTEUR, COM\u00c9DIEN, PROFESSEUR ET CHEF DE CHOEUR Chanteur Il collabore aux repr\u00e9sentations des &#8220;Contes d\u2019Hoffmann &#8221; de Jacques Offenbach mis en sc\u00e8ne par J\u00e9r\u00f4me Savary \u00e0 Bercy en 2004.Il joue et chante &#8220;Le financier et le savetier &#8221; de Jacques Offenbach.Il participe \u00e0 la cr\u00e9ation de com\u00e9dies musicales&nbsp;:&#8221; La petite sir\u00e8ne &#8221; au&#8230;<\/p>\n","protected":false},"author":1,"featured_media":0,"parent":0,"menu_order":0,"comment_status":"closed","ping_status":"closed","template":"","meta":{"_kadence_starter_templates_imported_post":false,"_kad_post_transparent":"","_kad_post_title":"","_kad_post_layout":"","_kad_post_sidebar_id":"","_kad_post_content_style":"","_kad_post_vertical_padding":"","_kad_post_feature":"","_kad_post_feature_position":"","_kad_post_header":false,"_kad_post_footer":false,"footnotes":""},"class_list":["post-778","page","type-page","status-publish","hentry"],"_links":{"self":[{"href":"https:\/\/ceuxquichantentdebout.fr\/index.php?rest_route=\/wp\/v2\/pages\/778","targetHints":{"allow":["GET"]}}],"collection":[{"href":"https:\/\/ceuxquichantentdebout.fr\/index.php?rest_route=\/wp\/v2\/pages"}],"about":[{"href":"https:\/\/ceuxquichantentdebout.fr\/index.php?rest_route=\/wp\/v2\/types\/page"}],"author":[{"embeddable":true,"href":"https:\/\/ceuxquichantentdebout.fr\/index.php?rest_route=\/wp\/v2\/users\/1"}],"replies":[{"embeddable":true,"href":"https:\/\/ceuxquichantentdebout.fr\/index.php?rest_route=%2Fwp%2Fv2%2Fcomments&post=778"}],"version-history":[{"count":24,"href":"https:\/\/ceuxquichantentdebout.fr\/index.php?rest_route=\/wp\/v2\/pages\/778\/revisions"}],"predecessor-version":[{"id":970,"href":"https:\/\/ceuxquichantentdebout.fr\/index.php?rest_route=\/wp\/v2\/pages\/778\/revisions\/970"}],"wp:attachment":[{"href":"https:\/\/ceuxquichantentdebout.fr\/index.php?rest_route=%2Fwp%2Fv2%2Fmedia&parent=778"}],"curies":[{"name":"wp","href":"https:\/\/api.w.org\/{rel}","templated":true}]}}