{"id":820,"date":"2025-10-11T12:50:38","date_gmt":"2025-10-11T10:50:38","guid":{"rendered":"https:\/\/ceuxquichantentdebout.fr\/?page_id=820"},"modified":"2025-10-21T19:48:40","modified_gmt":"2025-10-21T17:48:40","slug":"essais-titre","status":"publish","type":"page","link":"https:\/\/ceuxquichantentdebout.fr\/","title":{"rendered":"Ceux qui chantent debout"},"content":{"rendered":"\n<div class=\"wp-block-columns has-background is-layout-flex wp-container-core-columns-is-layout-9d6595d7 wp-block-columns-is-layout-flex\" style=\"background-color:#ccba97\">\n<div class=\"wp-block-column is-layout-flow wp-block-column-is-layout-flow\" style=\"flex-basis:56.66%\"><div class=\"wp-block-image\">\n<figure class=\"aligncenter size-large\"><img loading=\"lazy\" decoding=\"async\" width=\"1024\" height=\"769\" src=\"http:\/\/ceuxquichantentdebout.fr\/wp-content\/uploads\/2025\/10\/Photo-de-Serap-Atan5-1024x769.jpg\" alt=\"\" class=\"wp-image-819\" srcset=\"https:\/\/ceuxquichantentdebout.fr\/wp-content\/uploads\/2025\/10\/Photo-de-Serap-Atan5-1024x769.jpg 1024w, https:\/\/ceuxquichantentdebout.fr\/wp-content\/uploads\/2025\/10\/Photo-de-Serap-Atan5-300x225.jpg 300w, https:\/\/ceuxquichantentdebout.fr\/wp-content\/uploads\/2025\/10\/Photo-de-Serap-Atan5-768x576.jpg 768w, https:\/\/ceuxquichantentdebout.fr\/wp-content\/uploads\/2025\/10\/Photo-de-Serap-Atan5-1536x1153.jpg 1536w, https:\/\/ceuxquichantentdebout.fr\/wp-content\/uploads\/2025\/10\/Photo-de-Serap-Atan5.jpg 2048w\" sizes=\"auto, (max-width: 1024px) 100vw, 1024px\" \/><\/figure><\/div>\n\n\n<p><\/p>\n<\/div>\n\n\n\n<div class=\"wp-block-column is-layout-flow wp-block-column-is-layout-flow\" style=\"flex-basis:33.33%\">\n<h2 class=\"wp-block-heading has-text-align-center\" style=\"font-size:34px\">Le <strong>c(h)\u0153ur<\/strong> du monde, ou le plaisir du chant partag\u00e9<\/h2>\n\n\n\n<p class=\"has-theme-palette-3-color has-text-color has-link-color wp-elements-b84e029a02829dbefca2068b64d00a7d\" style=\"font-size:24px\">Des <a href=\"https:\/\/ceuxquichantentdebout.fr\/?page_id=567\">voix a capella<\/a> qui visitent le r\u00e9pertoire des chants populaires du monde entier.<br>Ceux qui chantent debout accueillent de <a href=\"https:\/\/ceuxquichantentdebout.fr\/?page_id=459\">nouveaux membres<\/a> pour toujours plus de plaisir partag\u00e9 entre interpr\u00e8tes confirm\u00e9s et voix en devenir.<\/p>\n<\/div>\n<\/div>\n\n\n\n<p><\/p>\n","protected":false},"excerpt":{"rendered":"<p>Le c(h)\u0153ur du monde, ou le plaisir du chant partag\u00e9 Des voix a capella qui visitent le r\u00e9pertoire des chants populaires du monde entier.Ceux qui chantent debout accueillent de nouveaux membres pour toujours plus de plaisir partag\u00e9 entre interpr\u00e8tes confirm\u00e9s et voix en devenir.<\/p>\n","protected":false},"author":1,"featured_media":0,"parent":0,"menu_order":0,"comment_status":"closed","ping_status":"closed","template":"","meta":{"_kadence_starter_templates_imported_post":false,"_kad_post_transparent":"","_kad_post_title":"","_kad_post_layout":"","_kad_post_sidebar_id":"","_kad_post_content_style":"","_kad_post_vertical_padding":"","_kad_post_feature":"","_kad_post_feature_position":"","_kad_post_header":false,"_kad_post_footer":false,"footnotes":""},"class_list":["post-820","page","type-page","status-publish","hentry"],"_links":{"self":[{"href":"https:\/\/ceuxquichantentdebout.fr\/index.php?rest_route=\/wp\/v2\/pages\/820","targetHints":{"allow":["GET"]}}],"collection":[{"href":"https:\/\/ceuxquichantentdebout.fr\/index.php?rest_route=\/wp\/v2\/pages"}],"about":[{"href":"https:\/\/ceuxquichantentdebout.fr\/index.php?rest_route=\/wp\/v2\/types\/page"}],"author":[{"embeddable":true,"href":"https:\/\/ceuxquichantentdebout.fr\/index.php?rest_route=\/wp\/v2\/users\/1"}],"replies":[{"embeddable":true,"href":"https:\/\/ceuxquichantentdebout.fr\/index.php?rest_route=%2Fwp%2Fv2%2Fcomments&post=820"}],"version-history":[{"count":19,"href":"https:\/\/ceuxquichantentdebout.fr\/index.php?rest_route=\/wp\/v2\/pages\/820\/revisions"}],"predecessor-version":[{"id":951,"href":"https:\/\/ceuxquichantentdebout.fr\/index.php?rest_route=\/wp\/v2\/pages\/820\/revisions\/951"}],"wp:attachment":[{"href":"https:\/\/ceuxquichantentdebout.fr\/index.php?rest_route=%2Fwp%2Fv2%2Fmedia&parent=820"}],"curies":[{"name":"wp","href":"https:\/\/api.w.org\/{rel}","templated":true}]}}