{"id":954,"date":"2025-11-06T12:21:23","date_gmt":"2025-11-06T11:21:23","guid":{"rendered":"https:\/\/ceuxquichantentdebout.fr\/?page_id=954"},"modified":"2025-11-06T12:48:48","modified_gmt":"2025-11-06T11:48:48","slug":"biographie-de-berangere","status":"publish","type":"page","link":"https:\/\/ceuxquichantentdebout.fr\/?page_id=954","title":{"rendered":"Biographie de B\u00e9rang\u00e8re"},"content":{"rendered":"<style>.kb-row-layout-id954_568ee7-85 > .kt-row-column-wrap{align-content:start;}:where(.kb-row-layout-id954_568ee7-85 > .kt-row-column-wrap) > .wp-block-kadence-column{justify-content:start;}.kb-row-layout-id954_568ee7-85 > .kt-row-column-wrap{column-gap:var(--global-kb-gap-md, 2rem);row-gap:var(--global-kb-gap-md, 2rem);padding-bottom:var(--global-kb-spacing-lg, 3rem);grid-template-columns:minmax(0, 1fr);}.kb-row-layout-id954_568ee7-85{background-image:linear-gradient(118deg,rgb(212,186,147) 1%,rgb(134,150,207) 100%);}.kb-row-layout-id954_568ee7-85 > .kt-row-layout-overlay{opacity:0.10;background-image:url('http:\/\/ceuxquichantentdebout.fr\/wp-content\/uploads\/2025\/10\/SL-022222-48740-13-scaled.jpg');background-size:cover;background-position:center center;background-attachment:scroll;background-repeat:no-repeat;}@media all and (max-width: 1024px){.kb-row-layout-id954_568ee7-85 > .kt-row-column-wrap{grid-template-columns:minmax(0, 1fr);}}@media all and (max-width: 767px){.kb-row-layout-id954_568ee7-85 > .kt-row-column-wrap{grid-template-columns:minmax(0, 1fr);}}<\/style><div class=\"kb-row-layout-wrap kb-row-layout-id954_568ee7-85 alignnone kt-row-has-bg wp-block-kadence-rowlayout\"><div class=\"kt-row-layout-overlay kt-row-overlay-normal\"><\/div><div class=\"kt-row-column-wrap kt-has-1-columns kt-row-layout-equal kt-tab-layout-inherit kt-mobile-layout-row kt-row-valign-top\">\n<style>.kadence-column954_5f35df-6b > .kt-inside-inner-col,.kadence-column954_5f35df-6b > .kt-inside-inner-col:before{border-top-left-radius:0px;border-top-right-radius:0px;border-bottom-right-radius:0px;border-bottom-left-radius:0px;}.kadence-column954_5f35df-6b > .kt-inside-inner-col{column-gap:var(--global-kb-gap-sm, 1rem);}.kadence-column954_5f35df-6b > .kt-inside-inner-col{flex-direction:column;}.kadence-column954_5f35df-6b > .kt-inside-inner-col > .aligncenter{width:100%;}.kadence-column954_5f35df-6b > .kt-inside-inner-col:before{opacity:0.3;}.kadence-column954_5f35df-6b{position:relative;}@media all and (max-width: 1024px){.kadence-column954_5f35df-6b > .kt-inside-inner-col{flex-direction:column;justify-content:center;}}@media all and (max-width: 767px){.kadence-column954_5f35df-6b > .kt-inside-inner-col{flex-direction:column;justify-content:center;}}<\/style>\n<div class=\"wp-block-kadence-column kadence-column954_5f35df-6b\"><div class=\"kt-inside-inner-col\">\n<p class=\"has-text-align-center\" style=\"font-size:37px\"><strong>Biographie de B\u00e9rang\u00e8re<\/strong><\/p>\n<\/div><\/div>\n\n\n<style>.kadence-column954_cc9cf5-24 > .kt-inside-inner-col,.kadence-column954_cc9cf5-24 > .kt-inside-inner-col:before{border-top-left-radius:0px;border-top-right-radius:0px;border-bottom-right-radius:0px;border-bottom-left-radius:0px;}.kadence-column954_cc9cf5-24 > .kt-inside-inner-col{column-gap:var(--global-kb-gap-sm, 1rem);}.kadence-column954_cc9cf5-24 > .kt-inside-inner-col{flex-direction:column;}.kadence-column954_cc9cf5-24 > .kt-inside-inner-col > .aligncenter{width:100%;}.kadence-column954_cc9cf5-24 > .kt-inside-inner-col:before{opacity:0.3;}.kadence-column954_cc9cf5-24{position:relative;}@media all and (max-width: 1024px){.kadence-column954_cc9cf5-24 > .kt-inside-inner-col{flex-direction:column;justify-content:center;}}@media all and (max-width: 767px){.kadence-column954_cc9cf5-24 > .kt-inside-inner-col{flex-direction:column;justify-content:center;}}<\/style>\n<div class=\"wp-block-kadence-column kadence-column954_cc9cf5-24\"><div class=\"kt-inside-inner-col\">\n<p class=\"has-text-align-center\" style=\"font-size:24px\"><strong>Le chant, la musique m\u2019ont toujours accompagn\u00e9e.<\/strong><\/p>\n\n\n\n<p>Il y a d\u2019abord les chansons fran\u00e7aises, enfantines et aussi des classiques d\u2019avant et apr\u00e8s-guerre, que me chantait mon p\u00e8re.<br>Dans le salon, il y avait l\u2019\u00e9norme tourne-disque, son grand couvercle que l\u2019on rel\u00e8ve, le bras avec le saphir au bout, que l\u2019on change r\u00e9guli\u00e8rement et qu\u2019il faut poser d\u00e9licatement pour ne pas rayer le disque.<br>A la maison, il y avait beaucoup, beaucoup de 45 tours, les chanteurs et chanteuses y\u00e9y\u00e9s c\u00f4toyaient les ch\u0153urs de l\u2019Arm\u00e9e Rouge aux voix profondes.<br>Puis, au tout d\u00e9but de l\u2019adolescence, il y a le choc Kate Bush. Je m\u2019enferme dans ma chambre du pavillon familial et je calque ma voix sur elle. Je passe et je repasse ses chansons. J\u2019ach\u00e8te au fil des ans tous ses 33 tours, que j\u2019ai toujours.<\/p>\n\n\n\n<p>Et la m\u00eame ann\u00e9e \u2013 faste \u2013 Il y a le rock de Police\u2026<\/p>\n\n\n\n<p>Jeune adulte, je chante dans un groupe, nous faisons des reprises et nous nous produisons dans des f\u00eates, des mariages\u2026<br>En 1992, je rencontre Fabrice Aug\u00e9-Dedieu dans un studio d\u2019enregistrement. Ensemble, nous suivons les cours de la soprane Cathy Missika, qui nous enseigne le chant baroque et me classe dans les coloraturs.<\/p>\n\n\n\n<p>Journaliste, je travaille au Parisien, o\u00f9 j\u2019ai notamment en charge des rubriques jazz et musique du monde. Je fais de magnifiques rencontres et j\u2019emmagasine des sonorit\u00e9s vari\u00e9es et un nombre incalculable de CD.<br>Je fais partie du d\u00e9but de l\u2019aventure de \u00ab\u00a0<a href=\"https:\/\/ceuxquichantentdebout.fr\/\" data-type=\"page\" data-id=\"820\">Ceux qui chantent debout\u00a0<\/a>\u00bb et Fabrice me propose de venir et de coanimer le ch\u0153ur.<\/p>\n\n\n\n<p>Entretemps, j\u2019ai suivi des cours de batterie\u2026 je me suis \u00e9clat\u00e9e.<br>Aujourd\u2019hui, je prends tr\u00e8s au s\u00e9rieux le fait d\u2019imaginer des voix sur une m\u00e9lodie existante et j\u2019aime trouver des chants de contr\u00e9es ou de langues originales.<br>J\u2019aime ciseler les voix que je cr\u00e9e et je veille \u00e0 ne pas d\u00e9naturer l\u2019intention originelle du chant.<br>Je travaille sur l\u2019interpr\u00e9tation, l\u2019\u00e9motion port\u00e9e<\/p>\n<\/div><\/div>\n\n<\/div><\/div>","protected":false},"excerpt":{"rendered":"<p>Biographie de B\u00e9rang\u00e8re Le chant, la musique m\u2019ont toujours accompagn\u00e9e. Il y a d\u2019abord les chansons fran\u00e7aises, enfantines et aussi des classiques d\u2019avant et apr\u00e8s-guerre, que me chantait mon p\u00e8re.Dans le salon, il y avait l\u2019\u00e9norme tourne-disque, son grand couvercle que l\u2019on rel\u00e8ve, le bras avec le saphir au bout, que l\u2019on change r\u00e9guli\u00e8rement et&#8230;<\/p>\n","protected":false},"author":1,"featured_media":0,"parent":0,"menu_order":0,"comment_status":"closed","ping_status":"closed","template":"","meta":{"_kadence_starter_templates_imported_post":false,"_kad_post_transparent":"","_kad_post_title":"","_kad_post_layout":"","_kad_post_sidebar_id":"","_kad_post_content_style":"","_kad_post_vertical_padding":"","_kad_post_feature":"","_kad_post_feature_position":"","_kad_post_header":false,"_kad_post_footer":false,"footnotes":""},"class_list":["post-954","page","type-page","status-publish","hentry"],"_links":{"self":[{"href":"https:\/\/ceuxquichantentdebout.fr\/index.php?rest_route=\/wp\/v2\/pages\/954","targetHints":{"allow":["GET"]}}],"collection":[{"href":"https:\/\/ceuxquichantentdebout.fr\/index.php?rest_route=\/wp\/v2\/pages"}],"about":[{"href":"https:\/\/ceuxquichantentdebout.fr\/index.php?rest_route=\/wp\/v2\/types\/page"}],"author":[{"embeddable":true,"href":"https:\/\/ceuxquichantentdebout.fr\/index.php?rest_route=\/wp\/v2\/users\/1"}],"replies":[{"embeddable":true,"href":"https:\/\/ceuxquichantentdebout.fr\/index.php?rest_route=%2Fwp%2Fv2%2Fcomments&post=954"}],"version-history":[{"count":5,"href":"https:\/\/ceuxquichantentdebout.fr\/index.php?rest_route=\/wp\/v2\/pages\/954\/revisions"}],"predecessor-version":[{"id":968,"href":"https:\/\/ceuxquichantentdebout.fr\/index.php?rest_route=\/wp\/v2\/pages\/954\/revisions\/968"}],"wp:attachment":[{"href":"https:\/\/ceuxquichantentdebout.fr\/index.php?rest_route=%2Fwp%2Fv2%2Fmedia&parent=954"}],"curies":[{"name":"wp","href":"https:\/\/api.w.org\/{rel}","templated":true}]}}